{"id":628,"date":"2019-01-06T11:43:24","date_gmt":"2019-01-06T11:43:24","guid":{"rendered":"http:\/\/wpzoom.com\/zenko\/demo\/?page_id=3"},"modified":"2025-07-14T07:13:32","modified_gmt":"2025-07-14T07:13:32","slug":"contacto","status":"publish","type":"page","link":"https:\/\/www.castelldevillavecchia.com\/en\/contacto\/","title":{"rendered":"Contact"},"content":{"rendered":"<section id=\"section_id-1628\" class=\"fw-main-row fw-section-no-padding\">\n<div class=\"fw-col-inner fw-container\">\n<div class=\"fw-row\">\n<div id=\"column-5c7d582a66a44\" class=\"fw-col-xs-12\">\n<div class=\"fw-col-inner\">\n<p data-start=\"125\" data-end=\"250\">El Castell de Villavecchia est\u00e1 gestionado por <a title=\"Els Majordoms - Gestion de alquiler tur\u00edstico Girona\" href=\"http:\/\/majordoms.com\">Els Majordoms<\/a>, una empresa profesional de gesti\u00f3n de propiedades tur\u00edsticas.<\/p>\n<p data-start=\"252\" data-end=\"527\">Para m\u00e1s informaci\u00f3n sobre estancias en la casa, disponibilidad y precios, puedes visitar la web de reservas de Els Majordoms:<br data-start=\"365\" data-end=\"368\" \/><a class=\"\" title=\"Ver precios, disponibilidad y reserva directa del Castell de Villavecchia con Els Majordoms\" href=\"https:\/\/reserva.elsmajordoms.com\/es\/alquiler\/alquileres-u129307\/vista-lista\/\" data-start=\"371\" data-end=\"527\">Ver precios, disponibilidad y reserva directa del Castell de Villavecchia con Els Majordoms<\/a><\/p>\n<p data-start=\"529\" data-end=\"624\">Tambi\u00e9n puedes contactarnos directamente:<br data-start=\"570\" data-end=\"573\" \/>\ud83d\udce7 <a class=\"cursor-pointer\" rel=\"noopener\" data-start=\"576\" data-end=\"601\">recepcio@elsmajordoms.com<\/a><br data-start=\"601\" data-end=\"604\" \/>\ud83d\udcde (+34) 679 538 373<\/p>\n<p data-start=\"626\" data-end=\"708\"><strong data-start=\"626\" data-end=\"647\">Els Majordoms, SL<\/strong><br data-start=\"647\" data-end=\"650\" \/>Carrer de la Porta dels Turers, 6<br data-start=\"683\" data-end=\"686\" \/>17820 Banyoles, Girona<\/p>\n<p>We hope to see you soon!<\/p>\n<\/div>\n<p>&#8212;<\/p>\n<p>Para otras informaciones, puedes contactar a la propiedad en <a href=\"mailto:hola@castelldevillavecchia.com\">hola@castelldevillavecchia.com\u00a0<\/a><\/p>\n<\/div>\n<\/div>\n<div class=\"fw-row\">\n<div id=\"column-5c7d582a66d17\" class=\"fw-col-xs-12\">\n<div class=\"fw-col-inner\">\n<div class=\"fw-divider-space\" style=\"padding-top: 25px;\"><\/div>\n<\/div>\n<\/div>\n<\/div>\n<div class=\"fw-row\">\n<div id=\"column-5c7d582a66fff\" class=\"fw-col-xs-12\">\n<div class=\"fw-col-inner\"><\/div>\n<\/div>\n<\/div>\n<\/div>\n<\/section>\n<p><!-- 4ae21b2f854e510ae7540c91ef73a644 --><\/p>","protected":false},"excerpt":{"rendered":"<p>El Castell de Villavecchia est\u00e1 gestionado por Els Majordoms, una empresa profesional de gesti\u00f3n de propiedades tur\u00edsticas. Para m\u00e1s informaci\u00f3n sobre estancias en la casa, disponibilidad y precios, puedes visitar la web de reservas de Els Majordoms:Ver precios, disponibilidad y reserva directa del Castell de Villavecchia con Els Majordoms Tambi\u00e9n [&hellip;]<\/p>","protected":false},"author":1,"featured_media":0,"parent":0,"menu_order":0,"comment_status":"closed","ping_status":"closed","template":"","meta":{"footnotes":""},"class_list":["post-628","page","type-page","status-publish","hentry"],"aioseo_notices":[],"_links":{"self":[{"href":"https:\/\/www.castelldevillavecchia.com\/en\/wp-json\/wp\/v2\/pages\/628","targetHints":{"allow":["GET"]}}],"collection":[{"href":"https:\/\/www.castelldevillavecchia.com\/en\/wp-json\/wp\/v2\/pages"}],"about":[{"href":"https:\/\/www.castelldevillavecchia.com\/en\/wp-json\/wp\/v2\/types\/page"}],"author":[{"embeddable":true,"href":"https:\/\/www.castelldevillavecchia.com\/en\/wp-json\/wp\/v2\/users\/1"}],"replies":[{"embeddable":true,"href":"https:\/\/www.castelldevillavecchia.com\/en\/wp-json\/wp\/v2\/comments?post=628"}],"version-history":[{"count":27,"href":"https:\/\/www.castelldevillavecchia.com\/en\/wp-json\/wp\/v2\/pages\/628\/revisions"}],"predecessor-version":[{"id":7121,"href":"https:\/\/www.castelldevillavecchia.com\/en\/wp-json\/wp\/v2\/pages\/628\/revisions\/7121"}],"wp:attachment":[{"href":"https:\/\/www.castelldevillavecchia.com\/en\/wp-json\/wp\/v2\/media?parent=628"}],"curies":[{"name":"wp","href":"https:\/\/api.w.org\/{rel}","templated":true}]}}