{"id":6186,"date":"2019-02-07T18:47:53","date_gmt":"2019-02-07T18:47:53","guid":{"rendered":"http:\/\/localhost:8888\/castelldevillavecchia\/?page_id=6186"},"modified":"2019-03-04T16:50:52","modified_gmt":"2019-03-04T16:50:52","slug":"las-suites","status":"publish","type":"page","link":"https:\/\/www.castelldevillavecchia.com\/en\/las-suites\/","title":{"rendered":"The Suites"},"content":{"rendered":"<section id=\"section_id-16186\" class=\"fw-main-row fw-section-no-padding\" style=\" \" >\n\t<div class=\"fw-col-inner fw-container\" >\n\t\t<div class=\"fw-row\">\n\t\n<div id=\"column-69ea5467cfa1b\" class=\"fw-col-xs-12 fw-col-sm-6\" style=\" \">\n        <div class=\"fw-col-inner\" >\n\t\t<p>Castell de Villavecchia has <strong>9 suites<\/strong>, all of them between 22m2 and 40m2, recently renovated, and with full equipped bathroom.\u00a0They can accommodate, apart from the couple in the Grand Suite, the most intimate guests.<\/p><p>On the ground floor there are 3 double suites.\u00a0One with a double bed, and the other two with two separate beds each.\u00a0All have natural light and full equipped bathrooms.<br \/>On the first floor there are 3 more suites.\u00a0The 40m2 Junior Suite with a\u00a0queen size\u00a0bed, a suite with two separate beds and one with a single bed.\u00a0All three have natural light and a full equipped bathroom.<\/p><p>And on the second floor, apart from the Grand Suite of the couple, there are 2 more suites.\u00a0One with double bed <em>queen size\u00a0<\/em>and another with a single bed.\u00a0Both have natural light and full equipped bathroom.<\/p><p>The Castell de Villavecchia can accommodate a maximum of 16 guests in total, two of which are the couple in the Grand Suite. So, <strong>14 people can sleep in the castle<\/strong>.<\/p>\t<\/div>\n<\/div>\n<div id=\"column-69ea5467cfb2d\" class=\"fw-col-xs-12 fw-col-sm-6\" style=\" \">\n        <div class=\"fw-col-inner\" >\n\t\t<p>In addition, in the same estate as Castell de Villavecchia, you will find the old Guard\u2019s House, renovated in 2017 and converted into comfortable apartments (simpler than the castle suites) that allow\u00a0more people\u00a0to sleep.<\/p><p>The apartment in the ground floor consists of 1 bedroom with double bed, a living \/ dining room with kitchenette that has a sofa \/ double bed, and a bathroom.\u00a0It can accommodate\u00a0a maximum of 4 people.<\/p><p>The upstairs apartment consists of 3 bedrooms with double beds, 1 bedroom with two separate beds, a living \/ dining room with a kitchenette that has a sofa \/ double bed, terrace, and two full bathrooms.\u00a0It can accommodate\u00a0a maximum of 10 people. The Villavecchia Apartments allow\u00a0a maximum of 14 people in total.<\/p><p>In short, without counting the bride and groom in the Grand Suite, <strong>a maximum of 28 guests\u00a0can be accommodated\u00a0within the estate<\/strong>, considering the Castle suites and the apartments of the Guard\u2019s House.<\/p>\t<\/div>\n<\/div><\/div>\n\n<div class=\"fw-row\">\n\t\n<div id=\"column-69ea5467cfc7d\" class=\"fw-col-xs-12\" style=\" \">\n        <div class=\"fw-col-inner\" >\n\t\t\n\t<div class=\"fw-divider-space\" style=\"padding-top: 25px;\"><\/div>\n\t<\/div>\n<\/div><\/div>\n\n<div class=\"fw-row\">\n\t\n<div id=\"column-69ea5467cfe07\" class=\"fw-col-xs-12\" style=\" \">\n        <div class=\"fw-col-inner\" >\n\t\t<img decoding=\"async\" src=\"\/\/www.castelldevillavecchia.com\/wp-content\/uploads\/2019\/02\/OtrasHabitaciones-1.png\" alt=\"\/\/www.castelldevillavecchia.com\/wp-content\/uploads\/2019\/02\/OtrasHabitaciones-1.png\" \/>\t<\/div>\n<\/div><\/div>\n\n<div class=\"fw-row\">\n\t\n<div id=\"column-69ea5467d0096\" class=\"fw-col-xs-12\" style=\" \">\n        <div class=\"fw-col-inner\" >\n\t\t\n\t<div class=\"fw-divider-space\" style=\"padding-top: 25px;\"><\/div>\n\t<\/div>\n<\/div><\/div>\n\n<div class=\"fw-row\">\n\t\n<div id=\"column-69ea5467d016f\" class=\"fw-col-xs-12\" style=\" \">\n        <div class=\"fw-col-inner\" >\n\t\t<img decoding=\"async\" src=\"\/\/www.castelldevillavecchia.com\/wp-content\/uploads\/2019\/02\/OtrasHabitaciones-2.png\" alt=\"\/\/www.castelldevillavecchia.com\/wp-content\/uploads\/2019\/02\/OtrasHabitaciones-2.png\" \/>\t<\/div>\n<\/div><\/div>\n\n<div class=\"fw-row\">\n\t\n<div id=\"column-69ea5467d037d\" class=\"fw-col-xs-12\" style=\" \">\n        <div class=\"fw-col-inner\" >\n\t\t<img decoding=\"async\" src=\"\/\/www.castelldevillavecchia.com\/wp-content\/uploads\/2019\/02\/OtrasHabitaciones-3.png\" alt=\"\/\/www.castelldevillavecchia.com\/wp-content\/uploads\/2019\/02\/OtrasHabitaciones-3.png\" \/>\t<\/div>\n<\/div><\/div>\n\n\t<\/div>\n<\/section>","protected":false},"excerpt":{"rendered":"<p>El Castell de Villavecchia dispone de 9 suites, todas ellas de entre 22m2 y 40m2, recientemente reformadas, y con ba\u00f1o completo. En ellas se pueden alojar, aparte de los novios en la Gran Suite, los invitados m\u00e1s \u00edntimos.En la planta cero se encuentran 3 suites dobles. Una de ellas con [&hellip;]<\/p>","protected":false},"author":1,"featured_media":6515,"parent":0,"menu_order":0,"comment_status":"closed","ping_status":"closed","template":"","meta":{"footnotes":""},"class_list":["post-6186","page","type-page","status-publish","has-post-thumbnail","hentry"],"aioseo_notices":[],"_links":{"self":[{"href":"https:\/\/www.castelldevillavecchia.com\/en\/wp-json\/wp\/v2\/pages\/6186","targetHints":{"allow":["GET"]}}],"collection":[{"href":"https:\/\/www.castelldevillavecchia.com\/en\/wp-json\/wp\/v2\/pages"}],"about":[{"href":"https:\/\/www.castelldevillavecchia.com\/en\/wp-json\/wp\/v2\/types\/page"}],"author":[{"embeddable":true,"href":"https:\/\/www.castelldevillavecchia.com\/en\/wp-json\/wp\/v2\/users\/1"}],"replies":[{"embeddable":true,"href":"https:\/\/www.castelldevillavecchia.com\/en\/wp-json\/wp\/v2\/comments?post=6186"}],"version-history":[{"count":9,"href":"https:\/\/www.castelldevillavecchia.com\/en\/wp-json\/wp\/v2\/pages\/6186\/revisions"}],"predecessor-version":[{"id":7046,"href":"https:\/\/www.castelldevillavecchia.com\/en\/wp-json\/wp\/v2\/pages\/6186\/revisions\/7046"}],"wp:featuredmedia":[{"embeddable":true,"href":"https:\/\/www.castelldevillavecchia.com\/en\/wp-json\/wp\/v2\/media\/6515"}],"wp:attachment":[{"href":"https:\/\/www.castelldevillavecchia.com\/en\/wp-json\/wp\/v2\/media?parent=6186"}],"curies":[{"name":"wp","href":"https:\/\/api.w.org\/{rel}","templated":true}]}}