{"id":6176,"date":"2019-02-07T18:40:04","date_gmt":"2019-02-07T18:40:04","guid":{"rendered":"http:\/\/localhost:8888\/castelldevillavecchia\/?page_id=6176"},"modified":"2019-03-11T12:58:55","modified_gmt":"2019-03-11T12:58:55","slug":"habitaciones","status":"publish","type":"page","link":"https:\/\/www.castelldevillavecchia.com\/en\/habitaciones\/","title":{"rendered":"Rooms"},"content":{"rendered":"<p>\n\n\n<section id=\"section_id-16176\" class=\"fw-main-row fw-section-no-padding\" style=\" \" >\n\t<div class=\"fw-col-inner fw-container\" >\n\t\t<div class=\"fw-row\">\n\t\n<div id=\"column-69ea436a99cf8\" class=\"fw-col-xs-12\" style=\" \">\n        <div class=\"fw-col-inner\" >\n\t\t\n\t<div class=\"fw-divider-space\" style=\"padding-top: 50px;\"><\/div>\n\t<\/div>\n<\/div><\/div>\n\n<div class=\"fw-row\">\n\t\n<div id=\"column-69ea436a99e73\" class=\"fw-col-xs-12 fw-col-sm-6\" style=\" \">\n        <div class=\"fw-col-inner\" >\n\t\t<p>The Castell de Villavecchia has <strong>9 suites<\/strong>, all between 22m2 and 40m2, recently refurbished and with full-equipped bathrooms.\u00a0Inside the castle a maximum of 16 guests can be accommodated in total, two of which are the bride and groom in the Grand Suite. A maximum of <strong>14 people can sleep in the castle<\/strong>.<\/p><p>In addition, in the same estate as Castell de Villavecchia, you will find the old Guard\u2019s House, renovated in 2017 and converted into comfortable apartments (simpler than the castle suites) that allow <strong>a maximum of 14 people\u00a0to sleep<\/strong>.<\/p>\t<\/div>\n<\/div>\n<div id=\"column-69ea436a99f51\" class=\"fw-col-xs-12 fw-col-sm-6\" style=\" \">\n        <div class=\"fw-col-inner\" >\n\t\t<p>Podr\u00e9is ver las caracter\u00edsticas de dichas habitaciones, tanto del castillo como de la antigua masover\u00eda, en el apartado \u201cLas Suites\u201d, pero en definitiva, sin contar a los novios en la Gran Suite, se pueden alojar a <strong>a maximum of 28 guests<\/strong> in the suites of the Castle and the apartments of the Guard\u2019s House.<\/p><p>Apart\u00a0from the accommodation within the Castell de Villavecchia, if your other guests wish to stay in the area, we recommend you, in order from closest to farther.<\/p>\t<\/div>\n<\/div><\/div>\n\n<div class=\"fw-row\">\n\t\n<div id=\"column-69ea436a9a01d\" class=\"fw-col-xs-12\" style=\" \">\n        <div class=\"fw-col-inner\" >\n\t\t\n\t<div class=\"fw-divider-space\" style=\"padding-top: 25px;\"><\/div>\n\t<\/div>\n<\/div><\/div>\n\n\t<\/div>\n<\/section>\n\n\n<section id=\"section_id-26176\" class=\"fw-main-row-custom fw-section-no-padding\" style=\" \" >\n\t<div class=\"fw-col-inner fw-container\" >\n\t\t<div class=\"fw-row\">\n\t\n<div id=\"column-69ea436a9a1f2\" class=\"fw-col-xs-12 fw-col-sm-6\" style=\" \">\n        <div class=\"fw-col-inner\" >\n\t\t\n<div class=\"fw-category-image\" style=\"background-image: url(\/\/www.castelldevillavecchia.com\/wp-content\/uploads\/2019\/02\/suitenovia.jpg);\">\n\n\n    <a href=\"http:\/\/www.castelldevillavecchia.com\/en\/la-gran-suite-de-la-novia\/\" target=\"_self\">\n    \t<div class=\"fw-category-inner\">\n    \t\t<div class=\"fw-category-name\">\n    \t\t\t<h3>The Grand Suite of the Bride<\/h3>\n    \t\t\t<span><\/span>\n    \t\t<\/div>\n    \t\t<div class=\"fw-category-text\">\n    \t\t\t<p><\/p>\n    \t\t<\/div>\n\n\n            \n\n    \t<\/div>\n\n    <\/a><\/div>\n\t<\/div>\n<\/div>\n<div id=\"column-69ea436a9a31d\" class=\"fw-col-xs-12 fw-col-sm-6\" style=\" \">\n        <div class=\"fw-col-inner\" >\n\t\t\n<div class=\"fw-category-image\" style=\"background-image: url(\/\/www.castelldevillavecchia.com\/wp-content\/uploads\/2019\/02\/otras-habitaciones.jpg);\">\n\n\n    <a href=\"http:\/\/www.castelldevillavecchia.com\/en\/las-suites\/\" target=\"_self\">\n    \t<div class=\"fw-category-inner\">\n    \t\t<div class=\"fw-category-name\">\n    \t\t\t<h3>The Suites<\/h3>\n    \t\t\t<span><\/span>\n    \t\t<\/div>\n    \t\t<div class=\"fw-category-text\">\n    \t\t\t<p><\/p>\n    \t\t<\/div>\n\n\n            \n\n    \t<\/div>\n\n    <\/a><\/div>\n\t<\/div>\n<\/div><\/div>\n\n\t<\/div>\n<\/section>\n\n\n<section id=\"section_id-36176\" class=\"fw-main-row fw-section-no-padding\" style=\" \" >\n\t<div class=\"fw-col-inner fw-container\" >\n\t\t<div class=\"fw-row\">\n\t\n<div id=\"column-69ea436a9a4dd\" class=\"fw-col-xs-12\" style=\" \">\n        <div class=\"fw-col-inner\" >\n\t\t\n\t<div class=\"fw-divider-space\" style=\"padding-top: 50px;\"><\/div>\n\t<\/div>\n<\/div><\/div>\n\n<div class=\"fw-row\">\n\t\n<div id=\"column-69ea436a9a608\" class=\"fw-col-xs-12 fw-col-sm-6\" style=\" \">\n        <div class=\"fw-col-inner\" >\n\t\t\t<\/div>\n<\/div><\/div>\n\n\t<\/div>\n<\/section><\/p>","protected":false},"excerpt":{"rendered":"<p>El Castell de Villavecchia cuenta con 9 suites, todas ellas de entre 22m2 y 40m2, recientemente reformadas, y con ba\u00f1o completo. Dentro del castillo se pueden alojar un m\u00e1ximo de 16 personas en total, dos de las cuales son los novios en la Gran Suite, con lo que permite alojar [&hellip;]<\/p>","protected":false},"author":1,"featured_media":6709,"parent":0,"menu_order":0,"comment_status":"closed","ping_status":"closed","template":"page-templates\/full-width-builder.php","meta":{"footnotes":""},"class_list":["post-6176","page","type-page","status-publish","has-post-thumbnail","hentry"],"aioseo_notices":[],"_links":{"self":[{"href":"https:\/\/www.castelldevillavecchia.com\/en\/wp-json\/wp\/v2\/pages\/6176","targetHints":{"allow":["GET"]}}],"collection":[{"href":"https:\/\/www.castelldevillavecchia.com\/en\/wp-json\/wp\/v2\/pages"}],"about":[{"href":"https:\/\/www.castelldevillavecchia.com\/en\/wp-json\/wp\/v2\/types\/page"}],"author":[{"embeddable":true,"href":"https:\/\/www.castelldevillavecchia.com\/en\/wp-json\/wp\/v2\/users\/1"}],"replies":[{"embeddable":true,"href":"https:\/\/www.castelldevillavecchia.com\/en\/wp-json\/wp\/v2\/comments?post=6176"}],"version-history":[{"count":13,"href":"https:\/\/www.castelldevillavecchia.com\/en\/wp-json\/wp\/v2\/pages\/6176\/revisions"}],"predecessor-version":[{"id":7093,"href":"https:\/\/www.castelldevillavecchia.com\/en\/wp-json\/wp\/v2\/pages\/6176\/revisions\/7093"}],"wp:featuredmedia":[{"embeddable":true,"href":"https:\/\/www.castelldevillavecchia.com\/en\/wp-json\/wp\/v2\/media\/6709"}],"wp:attachment":[{"href":"https:\/\/www.castelldevillavecchia.com\/en\/wp-json\/wp\/v2\/media?parent=6176"}],"curies":[{"name":"wp","href":"https:\/\/api.w.org\/{rel}","templated":true}]}}