{"id":6653,"date":"2019-02-21T10:19:22","date_gmt":"2019-02-21T10:19:22","guid":{"rendered":"http:\/\/localhost:8888\/castelldevillavecchia\/?page_id=6653"},"modified":"2019-03-04T16:44:51","modified_gmt":"2019-03-04T16:44:51","slug":"la-bodega","status":"publish","type":"page","link":"https:\/\/www.castelldevillavecchia.com\/ca\/la-bodega\/","title":{"rendered":"El Celler"},"content":{"rendered":"<section id=\"section_id-16653\" class=\"fw-main-row fw-section-no-padding\" style=\" \" >\n\t<div class=\"fw-col-inner fw-container\" >\n\t\t<div class=\"fw-row\">\n\t\n<div id=\"column-69ea3fa18cc76\" class=\"fw-col-xs-12 fw-col-sm-6\" style=\" \">\n        <div class=\"fw-col-inner\" >\n\t\t<p>Al soterrani del Castell de Villavecchia es troba la\u00a0Bodega, que\u00a0\u00e9s la zona que s'ha preparat per al ball. Aquest espai es divideix en dues estances diferenciades, la principal de\u00a076,\u00a04\u00a0m2\u00a0i una adjacent de\u00a047\u00a0m2\u00a0que es podr\u00e0 utilitzar a manera de prolongaci\u00f3 de pista de ball.<\/p>\t<\/div>\n<\/div>\n<div id=\"column-69ea3fa18cd96\" class=\"fw-col-xs-12 fw-col-sm-6\" style=\" \">\n        <div class=\"fw-col-inner\" >\n\t\t<p>A m\u00e9s, aqu\u00ed es troben els\u00a0WCs\u00a0habilitats per si es fa \u00fas de qualsevol espai que no sigui el Jard\u00ed del Mirador, que ja compta amb els seus propis\u00a0WCs\u00a0per trobar-se m\u00e9s allunyat de la resta d'espais.<\/p>\t<\/div>\n<\/div><\/div>\n\n<div class=\"fw-row\">\n\t\n<div id=\"column-69ea3fa18ce9e\" class=\"fw-col-xs-12\" style=\" \">\n        <div class=\"fw-col-inner\" >\n\t\t\n\t<div class=\"fw-divider-space\" style=\"padding-top: 25px;\"><\/div>\n\t<\/div>\n<\/div><\/div>\n\n<div class=\"fw-row\">\n\t\n<div id=\"column-69ea3fa18d036\" class=\"fw-col-xs-12\" style=\" \">\n        <div class=\"fw-col-inner\" >\n\t\t<div class=\"fw-table\">\n\t<table>\n\t\t\t\t\t\t\t\t\t<thead>\n\t\t\t\t\t<tr class=\"heading-row\">\n\t\t\t\t\t\t\t\t\t\t\t\t\t<th class=\"default-col\">\n\t\t\t\t\t\t\t\tFormat\t\t\t\t\t\t\t<\/th>\n\t\t\t\t\t\t\t\t\t\t\t\t\t<th class=\"default-col\">\n\t\t\t\t\t\t\t\tm2\t\t\t\t\t\t\t<\/th>\n\t\t\t\t\t\t\t\t\t\t\t\t\t<th class=\"default-col\">\n\t\t\t\t\t\t\t\tpax\t\t\t\t\t\t\t<\/th>\n\t\t\t\t\t\t\t\t\t\t\t\t\t<th class=\"default-col\">\n\t\t\t\t\t\t\t\tobs\t\t\t\t\t\t\t<\/th>\n\t\t\t\t\t\t\t\t\t\t\t<\/tr>\n\t\t\t\t<\/thead>\n\t\t\t\t\t\t\t\t\t\t\t\t<tr class=\"default-row\">\n\t\t\t\t\t\t\t\t\t\t\t<td class=\"default-col\">\n\t\t\t\t\t\t\tCerim\u00f2nia\t\t\t\t\t\t<\/td>\n\t\t\t\t\t\t\t\t\t\t\t<td class=\"default-col\">\n\t\t\t\t\t\t\t76,4+47m2\t\t\t\t\t\t<\/td>\n\t\t\t\t\t\t\t\t\t\t\t<td class=\"default-col\">\n\t\t\t\t\t\t\t70+0pax\t\t\t\t\t\t<\/td>\n\t\t\t\t\t\t\t\t\t\t\t<td class=\"default-col\">\n\t\t\t\t\t\t\tpla b*\t\t\t\t\t\t<\/td>\n\t\t\t\t\t\t\t\t\t<\/tr>\n\t\t\t\t\t\t\t\t\t\t\t\t<tr class=\"default-row\">\n\t\t\t\t\t\t\t\t\t\t\t<td class=\"default-col\">\n\t\t\t\t\t\t\tAperitiu\t\t\t\t\t\t<\/td>\n\t\t\t\t\t\t\t\t\t\t\t<td class=\"default-col\">\n\t\t\t\t\t\t\t76,4+47m2\t\t\t\t\t\t<\/td>\n\t\t\t\t\t\t\t\t\t\t\t<td class=\"default-col\">\n\t\t\t\t\t\t\t70+40pax\t\t\t\t\t\t<\/td>\n\t\t\t\t\t\t\t\t\t\t\t<td class=\"default-col\">\n\t\t\t\t\t\t\tpla b*\t\t\t\t\t\t<\/td>\n\t\t\t\t\t\t\t\t\t<\/tr>\n\t\t\t\t\t\t\t\t\t\t\t\t<tr class=\"default-row\">\n\t\t\t\t\t\t\t\t\t\t\t<td class=\"default-col\">\n\t\t\t\t\t\t\tBanquet\t\t\t\t\t\t<\/td>\n\t\t\t\t\t\t\t\t\t\t\t<td class=\"default-col\">\n\t\t\t\t\t\t\t-\t\t\t\t\t\t<\/td>\n\t\t\t\t\t\t\t\t\t\t\t<td class=\"default-col\">\n\t\t\t\t\t\t\t-\t\t\t\t\t\t<\/td>\n\t\t\t\t\t\t\t\t\t\t\t<td class=\"default-col\">\n\t\t\t\t\t\t\tno*\t\t\t\t\t\t<\/td>\n\t\t\t\t\t\t\t\t\t<\/tr>\n\t\t\t\t\t\t\t\t\t\t\t\t<tr class=\"default-row\">\n\t\t\t\t\t\t\t\t\t\t\t<td class=\"default-col\">\n\t\t\t\t\t\t\tBall\t\t\t\t\t\t<\/td>\n\t\t\t\t\t\t\t\t\t\t\t<td class=\"default-col\">\n\t\t\t\t\t\t\t76,4+47m2\t\t\t\t\t\t<\/td>\n\t\t\t\t\t\t\t\t\t\t\t<td class=\"default-col\">\n\t\t\t\t\t\t\t90+60pax\t\t\t\t\t\t<\/td>\n\t\t\t\t\t\t\t\t\t\t\t<td class=\"default-col\">\n\t\t\t\t\t\t\t-\t\t\t\t\t\t<\/td>\n\t\t\t\t\t\t\t\t\t<\/tr>\n\t\t\t\t\t\t<\/table>\n<\/div><p><em>*Aquest espai est\u00e0 pensat per al ball, no el recomanem m\u00e9s que com a pla b per cerim\u00f2nia o aperitiu si per capacitat es possible, i no ho oferim per banquet.<\/em><\/p>\t<\/div>\n<\/div><\/div>\n\n<div class=\"fw-row\">\n\t\n<div id=\"column-69ea3fa18d1bb\" class=\"fw-col-xs-12\" style=\" \">\n        <div class=\"fw-col-inner\" >\n\t\t\n\t<div class=\"fw-divider-space\" style=\"padding-top: 25px;\"><\/div>\n\t<\/div>\n<\/div><\/div>\n\n<div class=\"fw-row\">\n\t\n<div id=\"column-69ea3fa18d2b8\" class=\"fw-col-xs-12\" style=\" \">\n        <div class=\"fw-col-inner\" >\n\t\t<img decoding=\"async\" src=\"\/\/www.castelldevillavecchia.com\/wp-content\/uploads\/2019\/02\/Bodega-1.png\" alt=\"\/\/www.castelldevillavecchia.com\/wp-content\/uploads\/2019\/02\/Bodega-1.png\" \/>\t<\/div>\n<\/div><\/div>\n\n<div class=\"fw-row\">\n\t\n<div id=\"column-69ea3fa18d91b\" class=\"fw-col-xs-12\" style=\" \">\n        <div class=\"fw-col-inner\" >\n\t\t\n\t<div class=\"fw-divider-space\" style=\"padding-top: 25px;\"><\/div>\n\t<\/div>\n<\/div><\/div>\n\n<div class=\"fw-row\">\n\t\n<div id=\"column-69ea3fa18d9f1\" class=\"fw-col-xs-12\" style=\" \">\n        <div class=\"fw-col-inner\" >\n\t\t<img decoding=\"async\" src=\"\/\/www.castelldevillavecchia.com\/wp-content\/uploads\/2019\/02\/Bodega-2.png\" alt=\"\/\/www.castelldevillavecchia.com\/wp-content\/uploads\/2019\/02\/Bodega-2.png\" \/>\t<\/div>\n<\/div><\/div>\n\n<div class=\"fw-row\">\n\t\n<div id=\"column-69ea3fa18dc7a\" class=\"fw-col-xs-12\" style=\" \">\n        <div class=\"fw-col-inner\" >\n\t\t<img decoding=\"async\" src=\"\/\/www.castelldevillavecchia.com\/wp-content\/uploads\/2019\/02\/Bodega-3.png\" alt=\"\/\/www.castelldevillavecchia.com\/wp-content\/uploads\/2019\/02\/Bodega-3.png\" \/>\t<\/div>\n<\/div><\/div>\n\n<div class=\"fw-row\">\n\t\n<div id=\"column-69ea3fa18df36\" class=\"fw-col-xs-12\" style=\" \">\n        <div class=\"fw-col-inner\" >\n\t\t<img decoding=\"async\" src=\"\/\/www.castelldevillavecchia.com\/wp-content\/uploads\/2019\/02\/Bodega-4.png\" alt=\"\/\/www.castelldevillavecchia.com\/wp-content\/uploads\/2019\/02\/Bodega-4.png\" \/>\t<\/div>\n<\/div><\/div>\n\n<div class=\"fw-row\">\n\t\n<div id=\"column-69ea3fa18e650\" class=\"fw-col-xs-12\" style=\" \">\n        <div class=\"fw-col-inner\" >\n\t\t<img decoding=\"async\" src=\"\/\/www.castelldevillavecchia.com\/wp-content\/uploads\/2019\/02\/Bodega-5.png\" alt=\"\/\/www.castelldevillavecchia.com\/wp-content\/uploads\/2019\/02\/Bodega-5.png\" \/>\t<\/div>\n<\/div><\/div>\n\n<div class=\"fw-row\">\n\t\n<div id=\"column-69ea3fa18e9af\" class=\"fw-col-xs-12\" style=\" \">\n        <div class=\"fw-col-inner\" >\n\t\t<img decoding=\"async\" src=\"\/\/www.castelldevillavecchia.com\/wp-content\/uploads\/2019\/02\/Bodega-6.png\" alt=\"\/\/www.castelldevillavecchia.com\/wp-content\/uploads\/2019\/02\/Bodega-6.png\" \/>\t<\/div>\n<\/div><\/div>\n\n<div class=\"fw-row\">\n\t\n<div id=\"column-69ea3fa18eed0\" class=\"fw-col-xs-12\" style=\" \">\n        <div class=\"fw-col-inner\" >\n\t\t<img decoding=\"async\" src=\"\/\/www.castelldevillavecchia.com\/wp-content\/uploads\/2019\/02\/Bodega-7.png\" alt=\"\/\/www.castelldevillavecchia.com\/wp-content\/uploads\/2019\/02\/Bodega-7.png\" \/>\t<\/div>\n<\/div><\/div>\n\n<div class=\"fw-row\">\n\t\n<div id=\"column-69ea3fa1910ed\" class=\"fw-col-xs-12\" style=\" \">\n        <div class=\"fw-col-inner\" >\n\t\t<img decoding=\"async\" src=\"\/\/www.castelldevillavecchia.com\/wp-content\/uploads\/2019\/02\/bodega-mapa.jpg\" alt=\"\/\/www.castelldevillavecchia.com\/wp-content\/uploads\/2019\/02\/bodega-mapa.jpg\" \/>\t<\/div>\n<\/div><\/div>\n\n<div class=\"fw-row\">\n\t\n<div id=\"column-69ea3fa191393\" class=\"fw-col-xs-12\" style=\" \">\n        <div class=\"fw-col-inner\" >\n\t\t\n\t<div class=\"fw-divider-space\" style=\"padding-top: 25px;\"><\/div>\n\t<\/div>\n<\/div><\/div>\n\n<div class=\"fw-row\">\n\t\n<div id=\"column-69ea3fa191475\" class=\"fw-col-xs-12\" style=\" \">\n        <div class=\"fw-col-inner\" >\n\t\t<p><em>Descarrega els pl\u00e0nols del Celler en pdf <a href=\"http:\/\/www.castelldevillavecchia.com\/wp-content\/uploads\/2019\/02\/CVV-I-PSOT-BODEGA-1.pdf\">aqu\u00ed<\/a>.<\/em><\/p>\t<\/div>\n<\/div><\/div>\n\n<div class=\"fw-row\">\n\t\n<div id=\"column-69ea3fa191534\" class=\"fw-col-xs-12\" style=\" \">\n        <div class=\"fw-col-inner\" >\n\t\t\n\t<div class=\"fw-divider-space\" style=\"padding-top: 25px;\"><\/div>\n\t<\/div>\n<\/div><\/div>\n\n\t<\/div>\n<\/section>","protected":false},"excerpt":{"rendered":"<p>En el s\u00f3tano del Castell de Villavecchia se encuentra la Bodega que es la zona que se ha preparado para el baile. Este espacio se divide en dos estancias diferenciadas, la principal de 76,4m2 y una adyacente de 47m2 que se podr\u00e1 utilizar a modo de prolongaci\u00f3n de pista de [&hellip;]<\/p>","protected":false},"author":1,"featured_media":6623,"parent":0,"menu_order":0,"comment_status":"closed","ping_status":"closed","template":"","meta":{"footnotes":""},"class_list":["post-6653","page","type-page","status-publish","has-post-thumbnail","hentry"],"aioseo_notices":[],"_links":{"self":[{"href":"https:\/\/www.castelldevillavecchia.com\/ca\/wp-json\/wp\/v2\/pages\/6653","targetHints":{"allow":["GET"]}}],"collection":[{"href":"https:\/\/www.castelldevillavecchia.com\/ca\/wp-json\/wp\/v2\/pages"}],"about":[{"href":"https:\/\/www.castelldevillavecchia.com\/ca\/wp-json\/wp\/v2\/types\/page"}],"author":[{"embeddable":true,"href":"https:\/\/www.castelldevillavecchia.com\/ca\/wp-json\/wp\/v2\/users\/1"}],"replies":[{"embeddable":true,"href":"https:\/\/www.castelldevillavecchia.com\/ca\/wp-json\/wp\/v2\/comments?post=6653"}],"version-history":[{"count":9,"href":"https:\/\/www.castelldevillavecchia.com\/ca\/wp-json\/wp\/v2\/pages\/6653\/revisions"}],"predecessor-version":[{"id":7040,"href":"https:\/\/www.castelldevillavecchia.com\/ca\/wp-json\/wp\/v2\/pages\/6653\/revisions\/7040"}],"wp:featuredmedia":[{"embeddable":true,"href":"https:\/\/www.castelldevillavecchia.com\/ca\/wp-json\/wp\/v2\/media\/6623"}],"wp:attachment":[{"href":"https:\/\/www.castelldevillavecchia.com\/ca\/wp-json\/wp\/v2\/media?parent=6653"}],"curies":[{"name":"wp","href":"https:\/\/api.w.org\/{rel}","templated":true}]}}