{"id":6547,"date":"2019-02-15T12:14:13","date_gmt":"2019-02-15T12:14:13","guid":{"rendered":"http:\/\/localhost:8888\/castelldevillavecchia\/?page_id=6547"},"modified":"2019-03-08T10:08:45","modified_gmt":"2019-03-08T10:08:45","slug":"el-camino-del-bosque","status":"publish","type":"page","link":"https:\/\/www.castelldevillavecchia.com\/ca\/el-camino-del-bosque\/","title":{"rendered":"El Cam\u00ed del Bosc"},"content":{"rendered":"<section id=\"section_id-16547\" class=\"fw-main-row fw-section-no-padding\" style=\" \" >\n\t<div class=\"fw-col-inner fw-container\" >\n\t\t<div class=\"fw-row\">\n\t\n<div id=\"column-69ea431ae2c77\" class=\"fw-col-xs-12 fw-col-sm-6\" style=\" \">\n        <div class=\"fw-col-inner\" >\n\t\t<p>Si hi ha un lloc al Castell de Villavecchia on no se us acudiria ni mirar, aquest \u00e9s el Cam\u00ed del Bosc.\u00a0Com el seu nom indica, \u00e9s un cam\u00ed molt llarg, per\u00f2 nom\u00e9s de 3m d'ample, i que fa desnivell en baixada.\u00a0L'\u00e0rea millor\u00a0habilitada fa\u00a0aprox.\u00a0130m de llarg per aprox.\u00a03m ample, \u00e9s a dir 389m2 en total.<\/p>\t<\/div>\n<\/div>\n<div id=\"column-69ea431ae2d8a\" class=\"fw-col-xs-12 fw-col-sm-6\" style=\" \">\n        <div class=\"fw-col-inner\" >\n\t\t<p>Per\u00f2 s\u00f3n tan majestuosos els arbres gegants que s'aixequen just al seu costat dret que, si sou uns nuvis transgressors, val la pena plantejar-vos celebrar una cerim\u00f2nia civil m\u00e9s informal d'estil <em>chill out<\/em> en aquest rec\u00f2ndit lloc ... O fins i tot fer l'aperitiu aqu\u00ed!<\/p>\t<\/div>\n<\/div><\/div>\n\n<div class=\"fw-row\">\n\t\n<div id=\"column-69ea431ae2eb2\" class=\"fw-col-xs-12\" style=\" \">\n        <div class=\"fw-col-inner\" >\n\t\t\n\t<div class=\"fw-divider-space\" style=\"padding-top: 25px;\"><\/div>\n\t<\/div>\n<\/div><\/div>\n\n<div class=\"fw-row\">\n\t\n<div id=\"column-69ea431ae3059\" class=\"fw-col-xs-12\" style=\" \">\n        <div class=\"fw-col-inner\" >\n\t\t<div class=\"fw-table\">\n\t<table>\n\t\t\t\t\t\t\t\t\t<thead>\n\t\t\t\t\t<tr class=\"heading-row\">\n\t\t\t\t\t\t\t\t\t\t\t\t\t<th class=\"default-col\">\n\t\t\t\t\t\t\t\tFormat\t\t\t\t\t\t\t<\/th>\n\t\t\t\t\t\t\t\t\t\t\t\t\t<th class=\"default-col\">\n\t\t\t\t\t\t\t\tm2\t\t\t\t\t\t\t<\/th>\n\t\t\t\t\t\t\t\t\t\t\t\t\t<th class=\"default-col\">\n\t\t\t\t\t\t\t\tpax\t\t\t\t\t\t\t<\/th>\n\t\t\t\t\t\t\t\t\t\t\t\t\t<th class=\"default-col\">\n\t\t\t\t\t\t\t\tobs\t\t\t\t\t\t\t<\/th>\n\t\t\t\t\t\t\t\t\t\t\t<\/tr>\n\t\t\t\t<\/thead>\n\t\t\t\t\t\t\t\t\t\t\t\t<tr class=\"default-row\">\n\t\t\t\t\t\t\t\t\t\t\t<td class=\"default-col\">\n\t\t\t\t\t\t\tCerim\u00f2nia\t\t\t\t\t\t<\/td>\n\t\t\t\t\t\t\t\t\t\t\t<td class=\"default-col\">\n\t\t\t\t\t\t\t389m2\t\t\t\t\t\t<\/td>\n\t\t\t\t\t\t\t\t\t\t\t<td class=\"default-col\">\n\t\t\t\t\t\t\t300pax\t\t\t\t\t\t<\/td>\n\t\t\t\t\t\t\t\t\t\t\t<td class=\"default-col\">\n\t\t\t\t\t\t\tcarpa no*\t\t\t\t\t\t<\/td>\n\t\t\t\t\t\t\t\t\t<\/tr>\n\t\t\t\t\t\t\t\t\t\t\t\t<tr class=\"default-row\">\n\t\t\t\t\t\t\t\t\t\t\t<td class=\"default-col\">\n\t\t\t\t\t\t\tAperitiu\t\t\t\t\t\t<\/td>\n\t\t\t\t\t\t\t\t\t\t\t<td class=\"default-col\">\n\t\t\t\t\t\t\t389m2\t\t\t\t\t\t<\/td>\n\t\t\t\t\t\t\t\t\t\t\t<td class=\"default-col\">\n\t\t\t\t\t\t\t275pax\t\t\t\t\t\t<\/td>\n\t\t\t\t\t\t\t\t\t\t\t<td class=\"default-col\">\n\t\t\t\t\t\t\tpendent**\t\t\t\t\t\t<\/td>\n\t\t\t\t\t\t\t\t\t<\/tr>\n\t\t\t\t\t\t\t\t\t\t\t\t<tr class=\"default-row\">\n\t\t\t\t\t\t\t\t\t\t\t<td class=\"default-col\">\n\t\t\t\t\t\t\tBanquet\t\t\t\t\t\t<\/td>\n\t\t\t\t\t\t\t\t\t\t\t<td class=\"default-col\">\n\t\t\t\t\t\t\t-\t\t\t\t\t\t<\/td>\n\t\t\t\t\t\t\t\t\t\t\t<td class=\"default-col\">\n\t\t\t\t\t\t\t-\t\t\t\t\t\t<\/td>\n\t\t\t\t\t\t\t\t\t\t\t<td class=\"default-col\">\n\t\t\t\t\t\t\tno**\t\t\t\t\t\t<\/td>\n\t\t\t\t\t\t\t\t\t<\/tr>\n\t\t\t\t\t\t\t\t\t\t\t\t<tr class=\"default-row\">\n\t\t\t\t\t\t\t\t\t\t\t<td class=\"default-col\">\n\t\t\t\t\t\t\tBall\t\t\t\t\t\t<\/td>\n\t\t\t\t\t\t\t\t\t\t\t<td class=\"default-col\">\n\t\t\t\t\t\t\t-\t\t\t\t\t\t<\/td>\n\t\t\t\t\t\t\t\t\t\t\t<td class=\"default-col\">\n\t\t\t\t\t\t\t-\t\t\t\t\t\t<\/td>\n\t\t\t\t\t\t\t\t\t\t\t<td class=\"default-col\">\n\t\t\t\t\t\t\tno***\t\t\t\t\t\t<\/td>\n\t\t\t\t\t\t\t\t\t<\/tr>\n\t\t\t\t\t\t<\/table>\n<\/div><p><em>*No \u00e9s possible posar una carpa al cam\u00ed del bosc a causa de la poca amplada (3m).\u00a0<\/em><br \/><em>**Fa desnivell, no \u00e9s aconsellable per a aperitiu si no \u00e9s passat, no ho oferim per banquet.<\/em><br \/><em>***No est\u00e0 perm\u00e8s el ball a l'exterior excepte si s\u2019aconsegueix perm\u00eds i es disposa d'estufes.<\/em><\/p>\t<\/div>\n<\/div><\/div>\n\n<div class=\"fw-row\">\n\t\n<div id=\"column-69ea431ae3221\" class=\"fw-col-xs-12\" style=\" \">\n        <div class=\"fw-col-inner\" >\n\t\t\n\t<div class=\"fw-divider-space\" style=\"padding-top: 25px;\"><\/div>\n\t<\/div>\n<\/div><\/div>\n\n<div class=\"fw-row\">\n\t\n<div id=\"column-69ea431ae3369\" class=\"fw-col-xs-12\" style=\" \">\n        <div class=\"fw-col-inner\" >\n\t\t<img decoding=\"async\" src=\"\/\/www.castelldevillavecchia.com\/wp-content\/uploads\/2019\/02\/CaminoBosque-1.png\" alt=\"\/\/www.castelldevillavecchia.com\/wp-content\/uploads\/2019\/02\/CaminoBosque-1.png\" \/>\t<\/div>\n<\/div><\/div>\n\n<div class=\"fw-row\">\n\t\n<div id=\"column-69ea431ae37d6\" class=\"fw-col-xs-12\" style=\" \">\n        <div class=\"fw-col-inner\" >\n\t\t\n\t<div class=\"fw-divider-space\" style=\"padding-top: 25px;\"><\/div>\n\t<\/div>\n<\/div><\/div>\n\n<div class=\"fw-row\">\n\t\n<div id=\"column-69ea431ae38a8\" class=\"fw-col-xs-12\" style=\" \">\n        <div class=\"fw-col-inner\" >\n\t\t<img decoding=\"async\" src=\"\/\/www.castelldevillavecchia.com\/wp-content\/uploads\/2019\/02\/CaminoBosque-2.png\" alt=\"\/\/www.castelldevillavecchia.com\/wp-content\/uploads\/2019\/02\/CaminoBosque-2.png\" \/>\t<\/div>\n<\/div><\/div>\n\n<div class=\"fw-row\">\n\t\n<div id=\"column-69ea431ae3fc1\" class=\"fw-col-xs-12\" style=\" \">\n        <div class=\"fw-col-inner\" >\n\t\t<img decoding=\"async\" src=\"\/\/www.castelldevillavecchia.com\/wp-content\/uploads\/2019\/02\/CaminoBosque-3.png\" alt=\"\/\/www.castelldevillavecchia.com\/wp-content\/uploads\/2019\/02\/CaminoBosque-3.png\" \/>\t<\/div>\n<\/div><\/div>\n\n<div class=\"fw-row\">\n\t\n<div id=\"column-69ea431ae47ec\" class=\"fw-col-xs-12\" style=\" \">\n        <div class=\"fw-col-inner\" >\n\t\t<img decoding=\"async\" src=\"\/\/www.castelldevillavecchia.com\/wp-content\/uploads\/2019\/03\/CaminoBosque-4.png\" alt=\"\/\/www.castelldevillavecchia.com\/wp-content\/uploads\/2019\/03\/CaminoBosque-4.png\" \/>\t<\/div>\n<\/div><\/div>\n\n<div class=\"fw-row\">\n\t\n<div id=\"column-69ea431ae4e7f\" class=\"fw-col-xs-12\" style=\" \">\n        <div class=\"fw-col-inner\" >\n\t\t<img decoding=\"async\" src=\"\/\/www.castelldevillavecchia.com\/wp-content\/uploads\/2019\/02\/CaminoBosque-4.png\" alt=\"\/\/www.castelldevillavecchia.com\/wp-content\/uploads\/2019\/02\/CaminoBosque-4.png\" \/>\t<\/div>\n<\/div><\/div>\n\n<div class=\"fw-row\">\n\t\n<div id=\"column-69ea431ae519f\" class=\"fw-col-xs-12\" style=\" \">\n        <div class=\"fw-col-inner\" >\n\t\t<img decoding=\"async\" src=\"\/\/www.castelldevillavecchia.com\/wp-content\/uploads\/2019\/02\/CaminoBosque-5.png\" alt=\"\/\/www.castelldevillavecchia.com\/wp-content\/uploads\/2019\/02\/CaminoBosque-5.png\" \/>\t<\/div>\n<\/div><\/div>\n\n<div class=\"fw-row\">\n\t\n<div id=\"column-69ea431ae549a\" class=\"fw-col-xs-12\" style=\" \">\n        <div class=\"fw-col-inner\" >\n\t\t<img decoding=\"async\" src=\"\/\/www.castelldevillavecchia.com\/wp-content\/uploads\/2019\/03\/CaminoBosque-7.png\" alt=\"\/\/www.castelldevillavecchia.com\/wp-content\/uploads\/2019\/03\/CaminoBosque-7.png\" \/>\t<\/div>\n<\/div><\/div>\n\n<div class=\"fw-row\">\n\t\n<div id=\"column-69ea431ae5ae5\" class=\"fw-col-xs-12\" style=\" \">\n        <div class=\"fw-col-inner\" >\n\t\t<img decoding=\"async\" src=\"\/\/www.castelldevillavecchia.com\/wp-content\/uploads\/2019\/02\/camino-del-bosque-mapa.jpg\" alt=\"\/\/www.castelldevillavecchia.com\/wp-content\/uploads\/2019\/02\/camino-del-bosque-mapa.jpg\" \/>\t<\/div>\n<\/div><\/div>\n\n<div class=\"fw-row\">\n\t\n<div id=\"column-69ea431ae671f\" class=\"fw-col-xs-12\" style=\" \">\n        <div class=\"fw-col-inner\" >\n\t\t\n\t<div class=\"fw-divider-space\" style=\"padding-top: 25px;\"><\/div>\n\t<\/div>\n<\/div><\/div>\n\n<div class=\"fw-row\">\n\t\n<div id=\"column-69ea431ae680a\" class=\"fw-col-xs-12\" style=\" \">\n        <div class=\"fw-col-inner\" >\n\t\t<p><em>Descarrega els pl\u00e0nols del Cam\u00ed del Bosc en pdf <a href=\"http:\/\/www.castelldevillavecchia.com\/wp-content\/uploads\/2019\/02\/CVV-E-CAMINO-DEL-BOSQUE-1.pdf\">aqu\u00ed<\/a>.<\/em><\/p>\t<\/div>\n<\/div><\/div>\n\n<div class=\"fw-row\">\n\t\n<div id=\"column-69ea431ae68df\" class=\"fw-col-xs-12\" style=\" \">\n        <div class=\"fw-col-inner\" >\n\t\t\n\t<div class=\"fw-divider-space\" style=\"padding-top: 25px;\"><\/div>\n\t<\/div>\n<\/div><\/div>\n\n\t<\/div>\n<\/section>","protected":false},"excerpt":{"rendered":"<p>Si hay un lugar en el Castell de Villavecchia donde no se os ocurrir\u00eda ni mirar, \u00e9ste es el Camino del Bosque. Como su nombre indica, es un camino muy largo, pero solamente de 3m de ancho, y que hace pendiente en bajada. El \u00e1rea mejor habilitada hace aprox. 130m [&hellip;]<\/p>","protected":false},"author":1,"featured_media":6548,"parent":0,"menu_order":0,"comment_status":"closed","ping_status":"closed","template":"","meta":{"footnotes":""},"class_list":["post-6547","page","type-page","status-publish","has-post-thumbnail","hentry"],"aioseo_notices":[],"_links":{"self":[{"href":"https:\/\/www.castelldevillavecchia.com\/ca\/wp-json\/wp\/v2\/pages\/6547","targetHints":{"allow":["GET"]}}],"collection":[{"href":"https:\/\/www.castelldevillavecchia.com\/ca\/wp-json\/wp\/v2\/pages"}],"about":[{"href":"https:\/\/www.castelldevillavecchia.com\/ca\/wp-json\/wp\/v2\/types\/page"}],"author":[{"embeddable":true,"href":"https:\/\/www.castelldevillavecchia.com\/ca\/wp-json\/wp\/v2\/users\/1"}],"replies":[{"embeddable":true,"href":"https:\/\/www.castelldevillavecchia.com\/ca\/wp-json\/wp\/v2\/comments?post=6547"}],"version-history":[{"count":8,"href":"https:\/\/www.castelldevillavecchia.com\/ca\/wp-json\/wp\/v2\/pages\/6547\/revisions"}],"predecessor-version":[{"id":7069,"href":"https:\/\/www.castelldevillavecchia.com\/ca\/wp-json\/wp\/v2\/pages\/6547\/revisions\/7069"}],"wp:featuredmedia":[{"embeddable":true,"href":"https:\/\/www.castelldevillavecchia.com\/ca\/wp-json\/wp\/v2\/media\/6548"}],"wp:attachment":[{"href":"https:\/\/www.castelldevillavecchia.com\/ca\/wp-json\/wp\/v2\/media?parent=6547"}],"curies":[{"name":"wp","href":"https:\/\/api.w.org\/{rel}","templated":true}]}}