{"id":6193,"date":"2019-02-07T18:52:53","date_gmt":"2019-02-07T18:52:53","guid":{"rendered":"http:\/\/localhost:8888\/castelldevillavecchia\/?page_id=6193"},"modified":"2023-08-18T12:23:17","modified_gmt":"2023-08-18T12:23:17","slug":"proveedores","status":"publish","type":"page","link":"https:\/\/www.castelldevillavecchia.com\/ca\/proveedores\/","title":{"rendered":"Eventos Corporativos"},"content":{"rendered":"<section id=\"section_id-16193\" class=\"fw-main-row fw-section-no-padding\" style=\" \" >\n\t<div class=\"fw-col-inner fw-container\" >\n\t\t<div class=\"fw-row\">\n\t\n<div id=\"column-69ea4305ba143\" class=\"fw-col-xs-12\" style=\" \">\n        <div class=\"fw-col-inner\" >\n\t\t<p>Al Castell de Villavecchia ens agrada assegurar-nos que el teu gran dia est\u00e0 en les millors mans.\u00a0Per aix\u00f2, aquest 2019 us recomanem els seg\u00fcents prove\u00efdors.<\/p>\t<\/div>\n<\/div><\/div>\n\n<div class=\"fw-row\">\n\t\n<div id=\"column-69ea4305ba2da\" class=\"fw-col-xs-12 fw-col-sm-6\" style=\" \">\n        <div class=\"fw-col-inner\" >\n\t\t<div class=\"fw-heading\" style=\"color:#b59c59;\">\n\t\t<h3 class='fw-special-title'style=\"color:#b59c59;\">C\u00e0terings<\/h3>\t<\/div><p>21 de Marzo <br \/>Aspic<br \/>Caravan Made (Estilo foodtruck)<br \/>C\u00e1tering L\u2019Empord\u00e0<br \/>Celler Can Roca<br \/>Food Garage (Estilo foodtruck)<br \/>Le Chef<br \/>Les Magn\u00f2lies<br \/>Merc\u00e8s<br \/>Nandu Jubany<br \/>Sa\u00f3<br \/>Sibaris<br \/>Verbena Foodie Events (Estilo foodtruck)<\/p>\t<\/div>\n<\/div>\n<div id=\"column-69ea4305ba3f9\" class=\"fw-col-xs-12 fw-col-sm-6\" style=\" \">\n        <div class=\"fw-col-inner\" >\n\t\t<div class=\"fw-heading\" style=\"color:#b59c59;\">\n\t\t<h3 class='fw-special-title'style=\"color:#b59c59;\">Decoraci\u00f3 i Atrezzo (Mobiliari,\u00a0parament,\u00a0estufes*)<\/h3>\t<\/div><p>Abanik <br \/>Alquiler Hosteler\u00eda<br \/>Crimons<br \/>Dasler<br \/>La B\u00f2bila Atelier<br \/>Nuovi Piatti<br \/>\u00d3pera Lloguers<br \/><em>**Les estufes d'exterior s\u00f3n obligat\u00f2ries per als casaments de nit que no siguin ni al juliol ni a l'agost, i durant aquests dos mesos dep\u00e8n de la previsi\u00f3 meteorol\u00f2gica.<\/em><\/p>\t<\/div>\n<\/div><\/div>\n\n<div class=\"fw-row\">\n\t\n<div id=\"column-69ea4305ba50e\" class=\"fw-col-xs-12 fw-col-sm-6\" style=\" \">\n        <div class=\"fw-col-inner\" >\n\t\t<div class=\"fw-heading\" style=\"color:#b59c59;\">\n\t\t<h3 class='fw-special-title'style=\"color:#b59c59;\">Flors<\/h3>\t<\/div><p>Alblanc Atelier<br \/>Flowers by Bornay<br \/>Gang and the Wool<br \/>Items Baobab<br \/>Loreak Espai Floral<br \/>Mireia Abr\u00e0s Estudio<br \/>Montana El Taller<br \/>Singular Envit<br \/>T\u00e1vola<\/p>\t<\/div>\n<\/div>\n<div id=\"column-69ea4305ba5c7\" class=\"fw-col-xs-12 fw-col-sm-6\" style=\" \">\n        <div class=\"fw-col-inner\" >\n\t\t<div class=\"fw-heading\" style=\"color:#b59c59;\">\n\t\t<h3 class='fw-special-title'style=\"color:#b59c59;\">Carpes*<\/h3>\t<\/div><p>Actuality Carpas<br \/>BC Carpas<br \/>Mah\u00f3 Carpas y Eventos<br \/>Tipi Bcn<br \/>Veleo Rent Events<br \/><em>*L'estil de la carpa ha de tenir l'aprovaci\u00f3 pr\u00e8via del Castell de Villavecchia.<\/em><\/p>\t<\/div>\n<\/div><\/div>\n\n<div class=\"fw-row\">\n\t\n<div id=\"column-69ea4305ba6d0\" class=\"fw-col-xs-12 fw-col-sm-6\" style=\" \">\n        <div class=\"fw-col-inner\" >\n\t\t<div class=\"fw-heading\" style=\"color:#b59c59;\">\n\t\t<h3 class='fw-special-title'style=\"color:#b59c59;\">Detalls i Lettering\u00a0- Seating\u00a0plan, sitting, regals o altres<\/h3>\t<\/div><p>27 lletres<br \/>Caligraf\u00eda Bilbao<br \/>Cristina Maser<br \/>The Calligrapher<br \/>Un d\u00eda genial<br \/>Una boda original<\/p>\t<\/div>\n<\/div>\n<div id=\"column-69ea4305ba779\" class=\"fw-col-xs-12 fw-col-sm-6\" style=\" \">\n        <div class=\"fw-col-inner\" >\n\t\t<div class=\"fw-heading\" style=\"color:#b59c59;\">\n\t\t<h3 class='fw-special-title'style=\"color:#b59c59;\">DJ, Audiovisuals i Il\u00b7luminaci\u00f3<\/h3>\t<\/div><p>Beats and Roll <br \/>DJ Alex Permanyer<br \/>Doctor Pro Music<br \/>Music Exclusive Moments<br \/>Road Music Barcelona - estilo truck<br \/>Soundworks<br \/>Splendid Events<\/p>\t<\/div>\n<\/div><\/div>\n\n<div class=\"fw-row\">\n\t\n<div id=\"column-69ea4305ba86c\" class=\"fw-col-xs-12 fw-col-sm-6\" style=\" \">\n        <div class=\"fw-col-inner\" >\n\t\t<div class=\"fw-heading\" style=\"color:#b59c59;\">\n\t\t<h3 class='fw-special-title'style=\"color:#b59c59;\">Il\u00b7luminaci\u00f3 (solament)<\/h3>\t<\/div><p>Albadalejo<br \/>Artifice Events<br \/>Lights and Wires<br \/>Your Happy Day<\/p>\t<\/div>\n<\/div>\n<div id=\"column-69ea4305ba916\" class=\"fw-col-xs-12 fw-col-sm-6\" style=\" \">\n        <div class=\"fw-col-inner\" >\n\t\t<div class=\"fw-heading\" style=\"color:#b59c59;\">\n\t\t<h3 class='fw-special-title'style=\"color:#b59c59;\">Fotomat\u00f3n<\/h3>\t<\/div><p>Pope &amp; Poole - Estilo phototruck<br \/>The Click Box - Estilo vintage <br \/>Visualitys<\/p>\t<\/div>\n<\/div><\/div>\n\n<div class=\"fw-row\">\n\t\n<div id=\"column-69ea4305baa14\" class=\"fw-col-xs-12 fw-col-sm-6\" style=\" \">\n        <div class=\"fw-col-inner\" >\n\t\t<div class=\"fw-heading\" style=\"color:#b59c59;\">\n\t\t<h3 class='fw-special-title'style=\"color:#b59c59;\">Fotografia <\/h3>\t<\/div><p>Alberto Ballb\u00e9<br \/>Alejandra Ortiz Fotograf\u00eda<br \/>Black &amp; Blanc Fotograf\u00eda<br \/>Juanlu Rojano<br \/>Keisy &amp; Rocky<br \/>La Dichosa<br \/>Liven Photography<br \/>M\u00f3nika Fr\u00edas<br \/>Mujer y Marido<br \/>Pablo Lagu\u00eda<br \/>Padilla Rigau<br \/>Sara Costa Fotograf\u00eda<br \/>Seraf\u00edn Castillo<br \/>The Visual Partners<\/p>\t<\/div>\n<\/div>\n<div id=\"column-69ea4305baad2\" class=\"fw-col-xs-12 fw-col-sm-6\" style=\" \">\n        <div class=\"fw-col-inner\" >\n\t\t<div class=\"fw-heading\" style=\"color:#b59c59;\">\n\t\t<h3 class='fw-special-title'style=\"color:#b59c59;\">V\u00eddeo*<\/h3>\t<\/div><p>Anker Prod<br \/>Ay V\u00eddeo<br \/>Blanc by Liten<br \/>Jordi Slow Studio<br \/>Les Vaques<br \/>Marie Marry Me<br \/>M\u00f3nika Fr\u00edas<br \/>Only The Richters<br \/>PaiPai Produccions<br \/><em>*Per contractar qualsevol prove\u00efdor que no estigui en aquesta llista, es necessitar\u00e0 pr\u00e8via aprovaci\u00f3 del Castell de Villavecchia.<\/em><\/p>\t<\/div>\n<\/div><\/div>\n\n<div class=\"fw-row\">\n\t\n<div id=\"column-69ea4305babc1\" class=\"fw-col-xs-12 fw-col-sm-6\" style=\" \">\n        <div class=\"fw-col-inner\" >\n\t\t<div class=\"fw-heading\" style=\"color:#b59c59;\">\n\t\t<h3 class='fw-special-title'style=\"color:#b59c59;\">M\u00fasica en viu<\/h3>\t<\/div><p>Gigi McFarlane<br \/>Hotel Cochambre<br \/>Lexter<br \/>Los Manolos<br \/>Music Exclusive Moments<br \/>Pianobar<br \/>Saphie Wells &amp; The Swing Cats<br \/>The Summer Lovers<\/p>\t<\/div>\n<\/div><\/div>\n\n<div class=\"fw-row\">\n\t\n<div id=\"column-69ea4305bacf6\" class=\"fw-col-xs-12\" style=\" \">\n        <div class=\"fw-col-inner\" >\n\t\t\n\t<div class=\"fw-divider-space\" style=\"padding-top: 25px;\"><\/div>\n\t<\/div>\n<\/div><\/div>\n\n<div class=\"fw-row\">\n\t\n<div id=\"column-69ea4305bae25\" class=\"fw-col-xs-12\" style=\" \">\n        <div class=\"fw-col-inner\" >\n\t\t<p>A\u00a0m\u00e9s, si sou del tipus de nuvis que us ve de gust confiar, despreocupar-vos de tot i deixar-vos portar, tant durant el proc\u00e9s d'organitzaci\u00f3 dels mesos previs, com en el dia B, us volem recomanar algunes <strong>Wedding Planners<\/strong>.<br \/>I\u00a0per a les n\u00favies que encara no tinguin vestit, us deixem amb les firmes <strong>firmes bridal<\/strong> que m\u00e9s ens enamoren.\u00a0Sort amb la recerca!<\/p>\t<\/div>\n<\/div><\/div>\n\n<div class=\"fw-row\">\n\t\n<div id=\"column-69ea4305baef1\" class=\"fw-col-xs-12 fw-col-sm-6\" style=\" \">\n        <div class=\"fw-col-inner\" >\n\t\t<div class=\"fw-heading\" style=\"color:#b59c59;\">\n\t\t<h3 class='fw-special-title'style=\"color:#b59c59;\">Wedding Planners*<\/h3>\t<\/div><p>13 by Pilar Barcel\u00f3<br \/>A.M. Eventos<br \/>Bodas de Cuento<br \/>Carla Kissler Events<br \/>Clandestine Events<br \/>Detallerie<br \/>El Sof\u00e1 Amarillo Eventos<br \/>Happy Endings Barcelona<br \/>La Puta Suegra<br \/>Miriam Escriv\u00e0<br \/>Miss Little Things<br \/>Petite Mafalda<br \/>Priscila Llorens<br \/>Sophie Kors Weddings<br \/><em>*Per contractar qualsevol prove\u00efdor que no estigui en aquesta llista, es necessitar\u00e0 pr\u00e8via aprovaci\u00f3 del Castell de Villavecchia.<\/em><\/p>\t<\/div>\n<\/div>\n<div id=\"column-69ea4305baf9e\" class=\"fw-col-xs-12 fw-col-sm-6\" style=\" \">\n        <div class=\"fw-col-inner\" >\n\t\t<div class=\"fw-heading\" style=\"color:#b59c59;\">\n\t\t<h3 class='fw-special-title'style=\"color:#b59c59;\">Vestits de N\u00favia<\/h3>\t<\/div><p>Beba\u2019s Closet <br \/>Claudia Llagostera<br \/>Cortana Brides<br \/>Cristina Tamborero<br \/>Helena Mareque<br \/>Immacl\u00e9<br \/>Jesus Peir\u00f3<br \/>Jordi Anguera<br \/>L\u2019Arca<br \/>Laure de Sagazan<br \/>Marta Mart\u00ed Atelier<br \/>Otaduy<br \/>Pronovias<br \/>Raimon Bund\u00f3<br \/>Rime Arodaky<br \/>Rosa Clar\u00e1<br \/>Santos Costura <br \/>Sophie et Voil\u00e0<br \/>Teresa Helbig<br \/>Tot-Hom<br \/>Valentina Gar\u00ed Brides<br \/>YolanCris<br \/>Ze Garc\u00eda Atelier<\/p>\t<\/div>\n<\/div><\/div>\n\n<div class=\"fw-row\">\n\t\n<div id=\"column-69ea4305bb0c1\" class=\"fw-col-xs-12\" style=\" \">\n        <div class=\"fw-col-inner\" >\n\t\t\n\t<div class=\"fw-divider-space\" style=\"padding-top: 25px;\"><\/div>\n\t<\/div>\n<\/div><\/div>\n\n<div class=\"fw-row\">\n\t\n<div id=\"column-69ea4305bb1d1\" class=\"fw-col-xs-12\" style=\" \">\n        <div class=\"fw-col-inner\" >\n\t\t<img decoding=\"async\" src=\"\/\/www.castelldevillavecchia.com\/wp-content\/uploads\/2019\/02\/Proveedores-1.png\" alt=\"\/\/www.castelldevillavecchia.com\/wp-content\/uploads\/2019\/02\/Proveedores-1.png\" \/>\t<\/div>\n<\/div><\/div>\n\n<div class=\"fw-row\">\n\t\n<div id=\"column-69ea4305bb64b\" class=\"fw-col-xs-12\" style=\" \">\n        <div class=\"fw-col-inner\" >\n\t\t\n\t<div class=\"fw-divider-space\" style=\"padding-top: 25px;\"><\/div>\n\t<\/div>\n<\/div><\/div>\n\n<div class=\"fw-row\">\n\t\n<div id=\"column-69ea4305bb718\" class=\"fw-col-xs-12\" style=\" \">\n        <div class=\"fw-col-inner\" >\n\t\t<img decoding=\"async\" src=\"\/\/www.castelldevillavecchia.com\/wp-content\/uploads\/2019\/02\/Proveedores-2.png\" alt=\"\/\/www.castelldevillavecchia.com\/wp-content\/uploads\/2019\/02\/Proveedores-2.png\" \/>\t<\/div>\n<\/div><\/div>\n\n<div class=\"fw-row\">\n\t\n<div id=\"column-69ea4305bb990\" class=\"fw-col-xs-12\" style=\" \">\n        <div class=\"fw-col-inner\" >\n\t\t<img decoding=\"async\" src=\"\/\/www.castelldevillavecchia.com\/wp-content\/uploads\/2019\/02\/Proveedores-3.png\" alt=\"\/\/www.castelldevillavecchia.com\/wp-content\/uploads\/2019\/02\/Proveedores-3.png\" \/>\t<\/div>\n<\/div><\/div>\n\n<div class=\"fw-row\">\n\t\n<div id=\"column-69ea4305bbc1d\" class=\"fw-col-xs-12\" style=\" \">\n        <div class=\"fw-col-inner\" >\n\t\t<img decoding=\"async\" src=\"\/\/www.castelldevillavecchia.com\/wp-content\/uploads\/2019\/02\/Proveedores-4.png\" alt=\"\/\/www.castelldevillavecchia.com\/wp-content\/uploads\/2019\/02\/Proveedores-4.png\" \/>\t<\/div>\n<\/div><\/div>\n\n<div class=\"fw-row\">\n\t\n<div id=\"column-69ea4305bbfd9\" class=\"fw-col-xs-12\" style=\" \">\n        <div class=\"fw-col-inner\" >\n\t\t<img decoding=\"async\" src=\"\/\/www.castelldevillavecchia.com\/wp-content\/uploads\/2019\/02\/Proveedores-5.png\" alt=\"\/\/www.castelldevillavecchia.com\/wp-content\/uploads\/2019\/02\/Proveedores-5.png\" \/>\t<\/div>\n<\/div><\/div>\n\n<div class=\"fw-row\">\n\t\n<div id=\"column-69ea4305bc2fe\" class=\"fw-col-xs-12\" style=\" \">\n        <div class=\"fw-col-inner\" >\n\t\t<img decoding=\"async\" src=\"\/\/www.castelldevillavecchia.com\/wp-content\/uploads\/2019\/02\/Proveedores-6.png\" alt=\"\/\/www.castelldevillavecchia.com\/wp-content\/uploads\/2019\/02\/Proveedores-6.png\" \/>\t<\/div>\n<\/div><\/div>\n\n<div class=\"fw-row\">\n\t\n<div id=\"column-69ea4305bc581\" class=\"fw-col-xs-12\" style=\" \">\n        <div class=\"fw-col-inner\" >\n\t\t<img decoding=\"async\" src=\"\/\/www.castelldevillavecchia.com\/wp-content\/uploads\/2019\/02\/Proveedores-7.png\" alt=\"\/\/www.castelldevillavecchia.com\/wp-content\/uploads\/2019\/02\/Proveedores-7.png\" \/>\t<\/div>\n<\/div><\/div>\n\n<div class=\"fw-row\">\n\t\n<div id=\"column-69ea4305bc929\" class=\"fw-col-xs-12\" style=\" \">\n        <div class=\"fw-col-inner\" >\n\t\t<img decoding=\"async\" src=\"\/\/www.castelldevillavecchia.com\/wp-content\/uploads\/2019\/02\/Proveedores-8.png\" alt=\"\/\/www.castelldevillavecchia.com\/wp-content\/uploads\/2019\/02\/Proveedores-8.png\" \/>\t<\/div>\n<\/div><\/div>\n\n<div class=\"fw-row\">\n\t\n<div id=\"column-69ea4305bcbbc\" class=\"fw-col-xs-12\" style=\" \">\n        <div class=\"fw-col-inner\" >\n\t\t<img decoding=\"async\" src=\"\/\/www.castelldevillavecchia.com\/wp-content\/uploads\/2019\/02\/Proveedores-9.png\" alt=\"\/\/www.castelldevillavecchia.com\/wp-content\/uploads\/2019\/02\/Proveedores-9.png\" \/>\t<\/div>\n<\/div><\/div>\n\n\t<\/div>\n<\/section>","protected":false},"excerpt":{"rendered":"<p>En el Castell de Villavecchia nos gusta asegurarnos de que tu gran d\u00eda est\u00e1 en las mejores manos. Por ello, este 2019 os recomendamos a los siguientes proveedores. C\u00e1terings 21 de Marzo AspicCaravan Made (Estilo foodtruck)C\u00e1tering L\u2019Empord\u00e0Celler Can RocaFood Garage (Estilo foodtruck)Le ChefLes Magn\u00f2liesMerc\u00e8sNandu JubanySa\u00f3SibarisVerbena Foodie Events (Estilo foodtruck) Decoraci\u00f3n [&hellip;]<\/p>","protected":false},"author":1,"featured_media":6280,"parent":0,"menu_order":0,"comment_status":"closed","ping_status":"closed","template":"","meta":{"footnotes":""},"class_list":["post-6193","page","type-page","status-publish","has-post-thumbnail","hentry"],"aioseo_notices":[],"_links":{"self":[{"href":"https:\/\/www.castelldevillavecchia.com\/ca\/wp-json\/wp\/v2\/pages\/6193","targetHints":{"allow":["GET"]}}],"collection":[{"href":"https:\/\/www.castelldevillavecchia.com\/ca\/wp-json\/wp\/v2\/pages"}],"about":[{"href":"https:\/\/www.castelldevillavecchia.com\/ca\/wp-json\/wp\/v2\/types\/page"}],"author":[{"embeddable":true,"href":"https:\/\/www.castelldevillavecchia.com\/ca\/wp-json\/wp\/v2\/users\/1"}],"replies":[{"embeddable":true,"href":"https:\/\/www.castelldevillavecchia.com\/ca\/wp-json\/wp\/v2\/comments?post=6193"}],"version-history":[{"count":29,"href":"https:\/\/www.castelldevillavecchia.com\/ca\/wp-json\/wp\/v2\/pages\/6193\/revisions"}],"predecessor-version":[{"id":7047,"href":"https:\/\/www.castelldevillavecchia.com\/ca\/wp-json\/wp\/v2\/pages\/6193\/revisions\/7047"}],"wp:featuredmedia":[{"embeddable":true,"href":"https:\/\/www.castelldevillavecchia.com\/ca\/wp-json\/wp\/v2\/media\/6280"}],"wp:attachment":[{"href":"https:\/\/www.castelldevillavecchia.com\/ca\/wp-json\/wp\/v2\/media?parent=6193"}],"curies":[{"name":"wp","href":"https:\/\/api.w.org\/{rel}","templated":true}]}}