{"id":6176,"date":"2019-02-07T18:40:04","date_gmt":"2019-02-07T18:40:04","guid":{"rendered":"http:\/\/localhost:8888\/castelldevillavecchia\/?page_id=6176"},"modified":"2019-03-11T12:58:55","modified_gmt":"2019-03-11T12:58:55","slug":"habitaciones","status":"publish","type":"page","link":"https:\/\/www.castelldevillavecchia.com\/ca\/habitaciones\/","title":{"rendered":"Habitacions"},"content":{"rendered":"<p>\n\n\n<section id=\"section_id-16176\" class=\"fw-main-row fw-section-no-padding\" style=\" \" >\n\t<div class=\"fw-col-inner fw-container\" >\n\t\t<div class=\"fw-row\">\n\t\n<div id=\"column-69ea5469b668f\" class=\"fw-col-xs-12\" style=\" \">\n        <div class=\"fw-col-inner\" >\n\t\t\n\t<div class=\"fw-divider-space\" style=\"padding-top: 50px;\"><\/div>\n\t<\/div>\n<\/div><\/div>\n\n<div class=\"fw-row\">\n\t\n<div id=\"column-69ea5469b6862\" class=\"fw-col-xs-12 fw-col-sm-6\" style=\" \">\n        <div class=\"fw-col-inner\" >\n\t\t<p>El Castell de Villavecchia compta amb <strong>9 suites<\/strong>,\u00a0totes elles d'entre 22m2 i 40m2, recentment reformades, i amb bany complet.\u00a0Dins el castell es poden allotjar un m\u00e0xim de 16 persones en total, dues de les quals s\u00f3n els nuvis a la Gran Suite, amb el que permet allotjar <strong>un\u00a0m\u00e0xim de 14 convidats<\/strong>.<\/p><p>A m\u00e9s, en el mateix recinte que el Castell de Villavecchia trobem l'antiga Masoveria, reformada el 2017 als Apartaments Villavecchia (m\u00e9s senzills que les suites del castell) que permeten allotjar <strong>un m\u00e0xim de 14 persones en total<\/strong>.<\/p>\t<\/div>\n<\/div>\n<div id=\"column-69ea5469b6964\" class=\"fw-col-xs-12 fw-col-sm-6\" style=\" \">\n        <div class=\"fw-col-inner\" >\n\t\t<p>Podr\u00e9is ver las caracter\u00edsticas de dichas habitaciones, tanto del castillo como de la antigua masover\u00eda, en el apartado \u201cLas Suites\u201d, pero en definitiva, sin contar a los novios en la Gran Suite, se pueden alojar a <strong>un m\u00e0xim de 28 invitats<\/strong> dins el recinte, sumant les suites del castell i els apartaments.<\/p><p>A\u00a0part de l'allotjament dins el recinte del Castell de Villavecchia, si els vostres altres convidats desitgen allotjar-se per la zona, podeu preguntar-nos recomanacions.<\/p>\t<\/div>\n<\/div><\/div>\n\n<div class=\"fw-row\">\n\t\n<div id=\"column-69ea5469b6a58\" class=\"fw-col-xs-12\" style=\" \">\n        <div class=\"fw-col-inner\" >\n\t\t\n\t<div class=\"fw-divider-space\" style=\"padding-top: 25px;\"><\/div>\n\t<\/div>\n<\/div><\/div>\n\n\t<\/div>\n<\/section>\n\n\n<section id=\"section_id-26176\" class=\"fw-main-row-custom fw-section-no-padding\" style=\" \" >\n\t<div class=\"fw-col-inner fw-container\" >\n\t\t<div class=\"fw-row\">\n\t\n<div id=\"column-69ea5469b6c52\" class=\"fw-col-xs-12 fw-col-sm-6\" style=\" \">\n        <div class=\"fw-col-inner\" >\n\t\t\n<div class=\"fw-category-image\" style=\"background-image: url(\/\/www.castelldevillavecchia.com\/wp-content\/uploads\/2019\/02\/suitenovia.jpg);\">\n\n\n    <a href=\"http:\/\/www.castelldevillavecchia.com\/ca\/la-gran-suite-de-la-novia\/\" target=\"_self\">\n    \t<div class=\"fw-category-inner\">\n    \t\t<div class=\"fw-category-name\">\n    \t\t\t<h3>La Gran Suite de la N\u00favia<\/h3>\n    \t\t\t<span><\/span>\n    \t\t<\/div>\n    \t\t<div class=\"fw-category-text\">\n    \t\t\t<p><\/p>\n    \t\t<\/div>\n\n\n            \n\n    \t<\/div>\n\n    <\/a><\/div>\n\t<\/div>\n<\/div>\n<div id=\"column-69ea5469b6d81\" class=\"fw-col-xs-12 fw-col-sm-6\" style=\" \">\n        <div class=\"fw-col-inner\" >\n\t\t\n<div class=\"fw-category-image\" style=\"background-image: url(\/\/www.castelldevillavecchia.com\/wp-content\/uploads\/2019\/02\/otras-habitaciones.jpg);\">\n\n\n    <a href=\"http:\/\/www.castelldevillavecchia.com\/ca\/las-suites\/\" target=\"_self\">\n    \t<div class=\"fw-category-inner\">\n    \t\t<div class=\"fw-category-name\">\n    \t\t\t<h3>Les Suites<\/h3>\n    \t\t\t<span><\/span>\n    \t\t<\/div>\n    \t\t<div class=\"fw-category-text\">\n    \t\t\t<p><\/p>\n    \t\t<\/div>\n\n\n            \n\n    \t<\/div>\n\n    <\/a><\/div>\n\t<\/div>\n<\/div><\/div>\n\n\t<\/div>\n<\/section>\n\n\n<section id=\"section_id-36176\" class=\"fw-main-row fw-section-no-padding\" style=\" \" >\n\t<div class=\"fw-col-inner fw-container\" >\n\t\t<div class=\"fw-row\">\n\t\n<div id=\"column-69ea5469b6f64\" class=\"fw-col-xs-12\" style=\" \">\n        <div class=\"fw-col-inner\" >\n\t\t\n\t<div class=\"fw-divider-space\" style=\"padding-top: 50px;\"><\/div>\n\t<\/div>\n<\/div><\/div>\n\n<div class=\"fw-row\">\n\t\n<div id=\"column-69ea5469b70d0\" class=\"fw-col-xs-12 fw-col-sm-6\" style=\" \">\n        <div class=\"fw-col-inner\" >\n\t\t\t<\/div>\n<\/div><\/div>\n\n\t<\/div>\n<\/section><\/p>","protected":false},"excerpt":{"rendered":"<p>El Castell de Villavecchia cuenta con 9 suites, todas ellas de entre 22m2 y 40m2, recientemente reformadas, y con ba\u00f1o completo. Dentro del castillo se pueden alojar un m\u00e1ximo de 16 personas en total, dos de las cuales son los novios en la Gran Suite, con lo que permite alojar [&hellip;]<\/p>","protected":false},"author":1,"featured_media":6709,"parent":0,"menu_order":0,"comment_status":"closed","ping_status":"closed","template":"page-templates\/full-width-builder.php","meta":{"footnotes":""},"class_list":["post-6176","page","type-page","status-publish","has-post-thumbnail","hentry"],"aioseo_notices":[],"_links":{"self":[{"href":"https:\/\/www.castelldevillavecchia.com\/ca\/wp-json\/wp\/v2\/pages\/6176","targetHints":{"allow":["GET"]}}],"collection":[{"href":"https:\/\/www.castelldevillavecchia.com\/ca\/wp-json\/wp\/v2\/pages"}],"about":[{"href":"https:\/\/www.castelldevillavecchia.com\/ca\/wp-json\/wp\/v2\/types\/page"}],"author":[{"embeddable":true,"href":"https:\/\/www.castelldevillavecchia.com\/ca\/wp-json\/wp\/v2\/users\/1"}],"replies":[{"embeddable":true,"href":"https:\/\/www.castelldevillavecchia.com\/ca\/wp-json\/wp\/v2\/comments?post=6176"}],"version-history":[{"count":13,"href":"https:\/\/www.castelldevillavecchia.com\/ca\/wp-json\/wp\/v2\/pages\/6176\/revisions"}],"predecessor-version":[{"id":7093,"href":"https:\/\/www.castelldevillavecchia.com\/ca\/wp-json\/wp\/v2\/pages\/6176\/revisions\/7093"}],"wp:featuredmedia":[{"embeddable":true,"href":"https:\/\/www.castelldevillavecchia.com\/ca\/wp-json\/wp\/v2\/media\/6709"}],"wp:attachment":[{"href":"https:\/\/www.castelldevillavecchia.com\/ca\/wp-json\/wp\/v2\/media?parent=6176"}],"curies":[{"name":"wp","href":"https:\/\/api.w.org\/{rel}","templated":true}]}}