{"id":6161,"date":"2019-02-07T18:24:08","date_gmt":"2019-02-07T18:24:08","guid":{"rendered":"http:\/\/localhost:8888\/castelldevillavecchia\/?page_id=6161"},"modified":"2019-03-04T16:36:12","modified_gmt":"2019-03-04T16:36:12","slug":"el-jardin-del-mirador","status":"publish","type":"page","link":"https:\/\/www.castelldevillavecchia.com\/ca\/el-jardin-del-mirador\/","title":{"rendered":"El Jard\u00ed del Mirador"},"content":{"rendered":"<section id=\"section_id-16161\" class=\"fw-main-row fw-section-no-padding\" style=\" \" >\n\t<div class=\"fw-col-inner fw-container\" >\n\t\t<div class=\"fw-row\">\n\t\n<div id=\"column-69ea436cd6d7a\" class=\"fw-col-xs-12 fw-col-sm-6\" style=\" \">\n        <div class=\"fw-col-inner\" >\n\t\t<p>El jard\u00ed amb les millors vistes del Castell de Villavecchia \u00e9s sens dubte el Jard\u00ed del Mirador.\u00a0Des d'ell, veur\u00e0s la fa\u00e7ana principal del castell per sobre, de front les vistes als camps infinits amb les muntanyes i El Montseny de fons. <br \/>Aquest jard\u00ed consta de 2 nivells.\u00a0El nivell inferior \u00e9s el m\u00e9s gran:\u00a0compta amb 936m2 comptant la zona reservada per a cuines, i la seva part m\u00e9s bella \u00e9s de 798m2.<\/p>\t<\/div>\n<\/div>\n<div id=\"column-69ea436cd6e5c\" class=\"fw-col-xs-12 fw-col-sm-6\" style=\" \">\n        <div class=\"fw-col-inner\" >\n\t\t<p class=\"p1\"><span class=\"s1\">En canvi, el nivell superior \u00e9s m\u00e9s petit, de\u00a0444<\/span><span class=\"s2\">m2<\/span><span class=\"s1\">,\u00a0i est\u00e0 ubicat al costat d'un colomar antic reformat en <\/span><span class=\"s3\">WCs<\/span><span class=\"s1\">. Per a banquets molt grans es poden fer servir\u00a0els 1.242m2\u00a0de tots dos nivells, sempre que es tingui en compte que hi ha un desnivell d'aprox.\u00a02m.<\/span><\/p>\t<\/div>\n<\/div><\/div>\n\n<div class=\"fw-row\">\n\t\n<div id=\"column-69ea436cd6f85\" class=\"fw-col-xs-12\" style=\" \">\n        <div class=\"fw-col-inner\" >\n\t\t\n\t<div class=\"fw-divider-space\" style=\"padding-top: 25px;\"><\/div>\n\t<\/div>\n<\/div><\/div>\n\n<div class=\"fw-row\">\n\t\n<div id=\"column-69ea436cd70e5\" class=\"fw-col-xs-12\" style=\" \">\n        <div class=\"fw-col-inner\" >\n\t\t<div class=\"fw-table\">\n\t<table>\n\t\t\t\t\t\t\t\t\t<thead>\n\t\t\t\t\t<tr class=\"heading-row\">\n\t\t\t\t\t\t\t\t\t\t\t\t\t<th class=\"default-col\">\n\t\t\t\t\t\t\t\tFormat\t\t\t\t\t\t\t<\/th>\n\t\t\t\t\t\t\t\t\t\t\t\t\t<th class=\"default-col\">\n\t\t\t\t\t\t\t\tm2*\t\t\t\t\t\t\t<\/th>\n\t\t\t\t\t\t\t\t\t\t\t\t\t<th class=\"default-col\">\n\t\t\t\t\t\t\t\tpax\t\t\t\t\t\t\t<\/th>\n\t\t\t\t\t\t\t\t\t\t\t\t\t<th class=\"default-col\">\n\t\t\t\t\t\t\t\tobs\t\t\t\t\t\t\t<\/th>\n\t\t\t\t\t\t\t\t\t\t\t<\/tr>\n\t\t\t\t<\/thead>\n\t\t\t\t\t\t\t\t\t\t\t\t<tr class=\"default-row\">\n\t\t\t\t\t\t\t\t\t\t\t<td class=\"default-col\">\n\t\t\t\t\t\t\tCerim\u00f2nia\t\t\t\t\t\t<\/td>\n\t\t\t\t\t\t\t\t\t\t\t<td class=\"default-col\">\n\t\t\t\t\t\t\t798+444m2\t\t\t\t\t\t<\/td>\n\t\t\t\t\t\t\t\t\t\t\t<td class=\"default-col\">\n\t\t\t\t\t\t\t750+350pax\t\t\t\t\t\t<\/td>\n\t\t\t\t\t\t\t\t\t\t\t<td class=\"default-col\">\n\t\t\t\t\t\t\tcarpa si**\t\t\t\t\t\t<\/td>\n\t\t\t\t\t\t\t\t\t<\/tr>\n\t\t\t\t\t\t\t\t\t\t\t\t<tr class=\"default-row\">\n\t\t\t\t\t\t\t\t\t\t\t<td class=\"default-col\">\n\t\t\t\t\t\t\tAperitiu\t\t\t\t\t\t<\/td>\n\t\t\t\t\t\t\t\t\t\t\t<td class=\"default-col\">\n\t\t\t\t\t\t\t798+444m2\t\t\t\t\t\t<\/td>\n\t\t\t\t\t\t\t\t\t\t\t<td class=\"default-col\">\n\t\t\t\t\t\t\t700+300pax\t\t\t\t\t\t<\/td>\n\t\t\t\t\t\t\t\t\t\t\t<td class=\"default-col\">\n\t\t\t\t\t\t\tcarpa si**\t\t\t\t\t\t<\/td>\n\t\t\t\t\t\t\t\t\t<\/tr>\n\t\t\t\t\t\t\t\t\t\t\t\t<tr class=\"default-row\">\n\t\t\t\t\t\t\t\t\t\t\t<td class=\"default-col\">\n\t\t\t\t\t\t\tBanquet\t\t\t\t\t\t<\/td>\n\t\t\t\t\t\t\t\t\t\t\t<td class=\"default-col\">\n\t\t\t\t\t\t\t798+444m2\t\t\t\t\t\t<\/td>\n\t\t\t\t\t\t\t\t\t\t\t<td class=\"default-col\">\n\t\t\t\t\t\t\t400+200pax\t\t\t\t\t\t<\/td>\n\t\t\t\t\t\t\t\t\t\t\t<td class=\"default-col\">\n\t\t\t\t\t\t\tcarpa si**\t\t\t\t\t\t<\/td>\n\t\t\t\t\t\t\t\t\t<\/tr>\n\t\t\t\t\t\t\t\t\t\t\t\t<tr class=\"default-row\">\n\t\t\t\t\t\t\t\t\t\t\t<td class=\"default-col\">\n\t\t\t\t\t\t\tBall\t\t\t\t\t\t<\/td>\n\t\t\t\t\t\t\t\t\t\t\t<td class=\"default-col\">\n\t\t\t\t\t\t\t-\t\t\t\t\t\t<\/td>\n\t\t\t\t\t\t\t\t\t\t\t<td class=\"default-col\">\n\t\t\t\t\t\t\t-\t\t\t\t\t\t<\/td>\n\t\t\t\t\t\t\t\t\t\t\t<td class=\"default-col\">\n\t\t\t\t\t\t\tno***\t\t\t\t\t\t<\/td>\n\t\t\t\t\t\t\t\t\t<\/tr>\n\t\t\t\t\t\t<\/table>\n<\/div><p><em>*Entre tots dos nivells hi ha un desnivell d'aproximadament\u00a02m.<\/em><br \/><em>**Aquest jard\u00ed \u00e9s el millor si es requereix de carpa.<\/em><br \/><em>***No est\u00e0 perm\u00e8s el ball a l'exterior excepte si s\u2019aconsegueix perm\u00eds i es disposa d'estufes.<\/em><\/p>\t<\/div>\n<\/div><\/div>\n\n<div class=\"fw-row\">\n\t\n<div id=\"column-69ea436cd7258\" class=\"fw-col-xs-12\" style=\" \">\n        <div class=\"fw-col-inner\" >\n\t\t\n\t<div class=\"fw-divider-space\" style=\"padding-top: 25px;\"><\/div>\n\t<\/div>\n<\/div><\/div>\n\n<div class=\"fw-row\">\n\t\n<div id=\"column-69ea436cd7370\" class=\"fw-col-xs-12\" style=\" \">\n        <div class=\"fw-col-inner\" >\n\t\t<img decoding=\"async\" src=\"\/\/www.castelldevillavecchia.com\/wp-content\/uploads\/2019\/02\/JardinMirador-1.png\" alt=\"\/\/www.castelldevillavecchia.com\/wp-content\/uploads\/2019\/02\/JardinMirador-1.png\" \/>\t<\/div>\n<\/div><\/div>\n\n<div class=\"fw-row\">\n\t\n<div id=\"column-69ea436cd77dd\" class=\"fw-col-xs-12\" style=\" \">\n        <div class=\"fw-col-inner\" >\n\t\t\n\t<div class=\"fw-divider-space\" style=\"padding-top: 25px;\"><\/div>\n\t<\/div>\n<\/div><\/div>\n\n<div class=\"fw-row\">\n\t\n<div id=\"column-69ea436cd78a8\" class=\"fw-col-xs-12\" style=\" \">\n        <div class=\"fw-col-inner\" >\n\t\t<img decoding=\"async\" src=\"\/\/www.castelldevillavecchia.com\/wp-content\/uploads\/2019\/02\/JardinMirador-2.png\" alt=\"\/\/www.castelldevillavecchia.com\/wp-content\/uploads\/2019\/02\/JardinMirador-2.png\" \/>\t<\/div>\n<\/div><\/div>\n\n<div class=\"fw-row\">\n\t\n<div id=\"column-69ea436cd7e4b\" class=\"fw-col-xs-12\" style=\" \">\n        <div class=\"fw-col-inner\" >\n\t\t<img decoding=\"async\" src=\"\/\/www.castelldevillavecchia.com\/wp-content\/uploads\/2019\/02\/JardinMirador-3.png\" alt=\"\/\/www.castelldevillavecchia.com\/wp-content\/uploads\/2019\/02\/JardinMirador-3.png\" \/>\t<\/div>\n<\/div><\/div>\n\n<div class=\"fw-row\">\n\t\n<div id=\"column-69ea436cd826f\" class=\"fw-col-xs-12\" style=\" \">\n        <div class=\"fw-col-inner\" >\n\t\t<img decoding=\"async\" src=\"\/\/www.castelldevillavecchia.com\/wp-content\/uploads\/2019\/02\/JardinMirador-4.png\" alt=\"\/\/www.castelldevillavecchia.com\/wp-content\/uploads\/2019\/02\/JardinMirador-4.png\" \/>\t<\/div>\n<\/div><\/div>\n\n<div class=\"fw-row\">\n\t\n<div id=\"column-69ea436cd84ca\" class=\"fw-col-xs-12\" style=\" \">\n        <div class=\"fw-col-inner\" >\n\t\t<img decoding=\"async\" src=\"\/\/www.castelldevillavecchia.com\/wp-content\/uploads\/2019\/02\/JardinMirador-5.png\" alt=\"\/\/www.castelldevillavecchia.com\/wp-content\/uploads\/2019\/02\/JardinMirador-5.png\" \/>\t<\/div>\n<\/div><\/div>\n\n<div class=\"fw-row\">\n\t\n<div id=\"column-69ea436cd87dd\" class=\"fw-col-xs-12\" style=\" \">\n        <div class=\"fw-col-inner\" >\n\t\t<img decoding=\"async\" src=\"\/\/www.castelldevillavecchia.com\/wp-content\/uploads\/2019\/02\/jardin-del-mirador-mapa.jpg\" alt=\"\/\/www.castelldevillavecchia.com\/wp-content\/uploads\/2019\/02\/jardin-del-mirador-mapa.jpg\" \/>\t<\/div>\n<\/div><\/div>\n\n<div class=\"fw-row\">\n\t\n<div id=\"column-69ea436cd8ae9\" class=\"fw-col-xs-12\" style=\" \">\n        <div class=\"fw-col-inner\" >\n\t\t\n\t<div class=\"fw-divider-space\" style=\"padding-top: 25px;\"><\/div>\n\t<\/div>\n<\/div><\/div>\n\n<div class=\"fw-row\">\n\t\n<div id=\"column-69ea436cd8bb0\" class=\"fw-col-xs-12\" style=\" \">\n        <div class=\"fw-col-inner\" >\n\t\t<p><em>Descarrega els pl\u00e0nols del Jard\u00ed del Mirador en pdf <a href=\"http:\/\/www.castelldevillavecchia.com\/wp-content\/uploads\/2019\/02\/CVV-E-JARDI\u0301N-DEL-MIRADOR-1.pdf\">aqu\u00ed<\/a>.<\/em><\/p>\t<\/div>\n<\/div><\/div>\n\n<div class=\"fw-row\">\n\t\n<div id=\"column-69ea436cd8c6b\" class=\"fw-col-xs-12\" style=\" \">\n        <div class=\"fw-col-inner\" >\n\t\t\n\t<div class=\"fw-divider-space\" style=\"padding-top: 25px;\"><\/div>\n\t<\/div>\n<\/div><\/div>\n\n\t<\/div>\n<\/section>","protected":false},"excerpt":{"rendered":"<p>El jard\u00edn con las mejores vistas del Castell de Villavecchia es sin duda el Jard\u00edn del Mirador. Desde \u00e9l, ver\u00e1s la fachada principal del castillo por encima, de frente las vistas a los campos infinitos con las monta\u00f1as y El Montseny de fondo. Dicho jard\u00edn consta de 2 niveles. El [&hellip;]<\/p>","protected":false},"author":1,"featured_media":6635,"parent":0,"menu_order":0,"comment_status":"closed","ping_status":"closed","template":"","meta":{"footnotes":""},"class_list":["post-6161","page","type-page","status-publish","has-post-thumbnail","hentry"],"aioseo_notices":[],"_links":{"self":[{"href":"https:\/\/www.castelldevillavecchia.com\/ca\/wp-json\/wp\/v2\/pages\/6161","targetHints":{"allow":["GET"]}}],"collection":[{"href":"https:\/\/www.castelldevillavecchia.com\/ca\/wp-json\/wp\/v2\/pages"}],"about":[{"href":"https:\/\/www.castelldevillavecchia.com\/ca\/wp-json\/wp\/v2\/types\/page"}],"author":[{"embeddable":true,"href":"https:\/\/www.castelldevillavecchia.com\/ca\/wp-json\/wp\/v2\/users\/1"}],"replies":[{"embeddable":true,"href":"https:\/\/www.castelldevillavecchia.com\/ca\/wp-json\/wp\/v2\/comments?post=6161"}],"version-history":[{"count":11,"href":"https:\/\/www.castelldevillavecchia.com\/ca\/wp-json\/wp\/v2\/pages\/6161\/revisions"}],"predecessor-version":[{"id":7035,"href":"https:\/\/www.castelldevillavecchia.com\/ca\/wp-json\/wp\/v2\/pages\/6161\/revisions\/7035"}],"wp:featuredmedia":[{"embeddable":true,"href":"https:\/\/www.castelldevillavecchia.com\/ca\/wp-json\/wp\/v2\/media\/6635"}],"wp:attachment":[{"href":"https:\/\/www.castelldevillavecchia.com\/ca\/wp-json\/wp\/v2\/media?parent=6161"}],"curies":[{"name":"wp","href":"https:\/\/api.w.org\/{rel}","templated":true}]}}