{"id":6154,"date":"2019-02-07T18:17:38","date_gmt":"2019-02-07T18:17:38","guid":{"rendered":"http:\/\/localhost:8888\/castelldevillavecchia\/?page_id=6154"},"modified":"2019-03-08T11:31:11","modified_gmt":"2019-03-08T11:31:11","slug":"la-capilla","status":"publish","type":"page","link":"https:\/\/www.castelldevillavecchia.com\/ca\/la-capilla\/","title":{"rendered":"La Capella"},"content":{"rendered":"<section id=\"section_id-16154\" class=\"fw-main-row fw-section-no-padding\" style=\" \" >\n\t<div class=\"fw-col-inner fw-container\" >\n\t\t<div class=\"fw-row\">\n\t\n<div id=\"column-69ea43537b54f\" class=\"fw-col-xs-12 fw-col-sm-6\" style=\" \">\n        <div class=\"fw-col-inner\" >\n\t\t<p>Si sou uns nuvis religiosos, la capella consagrada del Castell de Villavecchia no us podr\u00e0 semblar m\u00e9s id\u00f2nia per a una reservada cerim\u00f2nia als seus 43,8m2 en total.\u00a0Es conserva original des de 1894, va ser decorada en el seu moment per l'escultor Frederic Mar\u00e8s i est\u00e0 presidida per un Sagrat Cor de bronze, una petita versi\u00f3 de la que corona el Temple del Tibidabo.<\/p>\t<\/div>\n<\/div>\n<div id=\"column-69ea43537b62c\" class=\"fw-col-xs-12 fw-col-sm-6\" style=\" \">\n        <div class=\"fw-col-inner\" >\n\t\t<p>Pel que fa a oficiar la cerim\u00f2nia, podeu portar al vostre capell\u00e0 de confian\u00e7a, o si us interessa us posem en contacte amb el de Sant Hilari Sacalm.\u00a0Per a la vostra informaci\u00f3, l'esgl\u00e9sia m\u00e9s propera al castell \u00e9s la Parr\u00f2quia de Sant Hilari amb capacitat per a aproximadament 180 \/ 200pax.<\/p>\t<\/div>\n<\/div><\/div>\n\n<div class=\"fw-row\">\n\t\n<div id=\"column-69ea43537b740\" class=\"fw-col-xs-12\" style=\" \">\n        <div class=\"fw-col-inner\" >\n\t\t\n\t<div class=\"fw-divider-space\" style=\"padding-top: 25px;\"><\/div>\n\t<\/div>\n<\/div><\/div>\n\n<div class=\"fw-row\">\n\t\n<div id=\"column-69ea43537b891\" class=\"fw-col-xs-12\" style=\" \">\n        <div class=\"fw-col-inner\" >\n\t\t<div class=\"fw-table\">\n\t<table>\n\t\t\t\t\t\t\t\t\t<thead>\n\t\t\t\t\t<tr class=\"heading-row\">\n\t\t\t\t\t\t\t\t\t\t\t\t\t<th class=\"default-col\">\n\t\t\t\t\t\t\t\tFormat\t\t\t\t\t\t\t<\/th>\n\t\t\t\t\t\t\t\t\t\t\t\t\t<th class=\"default-col\">\n\t\t\t\t\t\t\t\tm2\t\t\t\t\t\t\t<\/th>\n\t\t\t\t\t\t\t\t\t\t\t\t\t<th class=\"default-col\">\n\t\t\t\t\t\t\t\tpax\t\t\t\t\t\t\t<\/th>\n\t\t\t\t\t\t\t\t\t\t\t\t\t<th class=\"default-col\">\n\t\t\t\t\t\t\t\tobs\t\t\t\t\t\t\t<\/th>\n\t\t\t\t\t\t\t\t\t\t\t<\/tr>\n\t\t\t\t<\/thead>\n\t\t\t\t\t\t\t\t\t\t\t\t<tr class=\"default-row\">\n\t\t\t\t\t\t\t\t\t\t\t<td class=\"default-col\">\n\t\t\t\t\t\t\tCerim\u00f2nia\t\t\t\t\t\t<\/td>\n\t\t\t\t\t\t\t\t\t\t\t<td class=\"default-col\">\n\t\t\t\t\t\t\t43,8m2\t\t\t\t\t\t<\/td>\n\t\t\t\t\t\t\t\t\t\t\t<td class=\"default-col\">\n\t\t\t\t\t\t\t35pax\t\t\t\t\t\t<\/td>\n\t\t\t\t\t\t\t\t\t\t\t<td class=\"default-col\">\n\t\t\t\t\t\t\tcapacitat*\t\t\t\t\t\t<\/td>\n\t\t\t\t\t\t\t\t\t<\/tr>\n\t\t\t\t\t\t\t\t\t\t\t\t<tr class=\"default-row\">\n\t\t\t\t\t\t\t\t\t\t\t<td class=\"default-col\">\n\t\t\t\t\t\t\tAperitiu\t\t\t\t\t\t<\/td>\n\t\t\t\t\t\t\t\t\t\t\t<td class=\"default-col\">\n\t\t\t\t\t\t\t-\t\t\t\t\t\t<\/td>\n\t\t\t\t\t\t\t\t\t\t\t<td class=\"default-col\">\n\t\t\t\t\t\t\t-\t\t\t\t\t\t<\/td>\n\t\t\t\t\t\t\t\t\t\t\t<td class=\"default-col\">\n\t\t\t\t\t\t\tno**\t\t\t\t\t\t<\/td>\n\t\t\t\t\t\t\t\t\t<\/tr>\n\t\t\t\t\t\t\t\t\t\t\t\t<tr class=\"default-row\">\n\t\t\t\t\t\t\t\t\t\t\t<td class=\"default-col\">\n\t\t\t\t\t\t\tBanquet\t\t\t\t\t\t<\/td>\n\t\t\t\t\t\t\t\t\t\t\t<td class=\"default-col\">\n\t\t\t\t\t\t\t-\t\t\t\t\t\t<\/td>\n\t\t\t\t\t\t\t\t\t\t\t<td class=\"default-col\">\n\t\t\t\t\t\t\t-\t\t\t\t\t\t<\/td>\n\t\t\t\t\t\t\t\t\t\t\t<td class=\"default-col\">\n\t\t\t\t\t\t\tno**\t\t\t\t\t\t<\/td>\n\t\t\t\t\t\t\t\t\t<\/tr>\n\t\t\t\t\t\t\t\t\t\t\t\t<tr class=\"default-row\">\n\t\t\t\t\t\t\t\t\t\t\t<td class=\"default-col\">\n\t\t\t\t\t\t\tBall\t\t\t\t\t\t<\/td>\n\t\t\t\t\t\t\t\t\t\t\t<td class=\"default-col\">\n\t\t\t\t\t\t\t-\t\t\t\t\t\t<\/td>\n\t\t\t\t\t\t\t\t\t\t\t<td class=\"default-col\">\n\t\t\t\t\t\t\t-\t\t\t\t\t\t<\/td>\n\t\t\t\t\t\t\t\t\t\t\t<td class=\"default-col\">\n\t\t\t\t\t\t\tno**\t\t\t\t\t\t<\/td>\n\t\t\t\t\t\t\t\t\t<\/tr>\n\t\t\t\t\t\t<\/table>\n<\/div><p><em>*La capacitat ideal \u00e9s de 32 convidats + els nuvis + el capell\u00e0, per\u00f2 cabrien 40 convidats.<\/em><br \/><em>**A la capella nom\u00e9s es permet realitzar cerim\u00f2nies religioses.<\/em><\/p>\t<\/div>\n<\/div><\/div>\n\n<div class=\"fw-row\">\n\t\n<div id=\"column-69ea43537b9f0\" class=\"fw-col-xs-12\" style=\" \">\n        <div class=\"fw-col-inner\" >\n\t\t\n\t<div class=\"fw-divider-space\" style=\"padding-top: 25px;\"><\/div>\n\t<\/div>\n<\/div><\/div>\n\n<div class=\"fw-row\">\n\t\n<div id=\"column-69ea43537bb02\" class=\"fw-col-xs-12\" style=\" \">\n        <div class=\"fw-col-inner\" >\n\t\t<img decoding=\"async\" src=\"\/\/www.castelldevillavecchia.com\/wp-content\/uploads\/2019\/02\/Capilla-1.png\" alt=\"\/\/www.castelldevillavecchia.com\/wp-content\/uploads\/2019\/02\/Capilla-1.png\" \/>\t<\/div>\n<\/div><\/div>\n\n<div class=\"fw-row\">\n\t\n<div id=\"column-69ea43537be63\" class=\"fw-col-xs-12\" style=\" \">\n        <div class=\"fw-col-inner\" >\n\t\t\n\t<div class=\"fw-divider-space\" style=\"padding-top: 20px;\"><\/div>\n\t<\/div>\n<\/div><\/div>\n\n<div class=\"fw-row\">\n\t\n<div id=\"column-69ea43537bf32\" class=\"fw-col-xs-12\" style=\" \">\n        <div class=\"fw-col-inner\" >\n\t\t<img decoding=\"async\" src=\"\/\/www.castelldevillavecchia.com\/wp-content\/uploads\/2019\/02\/Capilla-2.png\" alt=\"\/\/www.castelldevillavecchia.com\/wp-content\/uploads\/2019\/02\/Capilla-2.png\" \/>\t<\/div>\n<\/div><\/div>\n\n<div class=\"fw-row\">\n\t\n<div id=\"column-69ea43537c190\" class=\"fw-col-xs-12\" style=\" \">\n        <div class=\"fw-col-inner\" >\n\t\t<img decoding=\"async\" src=\"\/\/www.castelldevillavecchia.com\/wp-content\/uploads\/2019\/02\/Capilla-3.png\" alt=\"\/\/www.castelldevillavecchia.com\/wp-content\/uploads\/2019\/02\/Capilla-3.png\" \/>\t<\/div>\n<\/div><\/div>\n\n<div class=\"fw-row\">\n\t\n<div id=\"column-69ea43537c406\" class=\"fw-col-xs-12\" style=\" \">\n        <div class=\"fw-col-inner\" >\n\t\t<img decoding=\"async\" src=\"\/\/www.castelldevillavecchia.com\/wp-content\/uploads\/2019\/03\/Capilla-4.png\" alt=\"\/\/www.castelldevillavecchia.com\/wp-content\/uploads\/2019\/03\/Capilla-4.png\" \/>\t<\/div>\n<\/div><\/div>\n\n<div class=\"fw-row\">\n\t\n<div id=\"column-69ea43537c696\" class=\"fw-col-xs-12\" style=\" \">\n        <div class=\"fw-col-inner\" >\n\t\t<img decoding=\"async\" src=\"\/\/www.castelldevillavecchia.com\/wp-content\/uploads\/2019\/03\/Capilla-5.png\" alt=\"\/\/www.castelldevillavecchia.com\/wp-content\/uploads\/2019\/03\/Capilla-5.png\" \/>\t<\/div>\n<\/div><\/div>\n\n<div class=\"fw-row\">\n\t\n<div id=\"column-69ea43537c907\" class=\"fw-col-xs-12\" style=\" \">\n        <div class=\"fw-col-inner\" >\n\t\t<img decoding=\"async\" src=\"\/\/www.castelldevillavecchia.com\/wp-content\/uploads\/2019\/03\/Capilla-6.png\" alt=\"\/\/www.castelldevillavecchia.com\/wp-content\/uploads\/2019\/03\/Capilla-6.png\" \/>\t<\/div>\n<\/div><\/div>\n\n<div class=\"fw-row\">\n\t\n<div id=\"column-69ea43537cb8d\" class=\"fw-col-xs-12\" style=\" \">\n        <div class=\"fw-col-inner\" >\n\t\t<img decoding=\"async\" src=\"\/\/www.castelldevillavecchia.com\/wp-content\/uploads\/2019\/03\/Capilla-7.png\" alt=\"\/\/www.castelldevillavecchia.com\/wp-content\/uploads\/2019\/03\/Capilla-7.png\" \/>\t<\/div>\n<\/div><\/div>\n\n<div class=\"fw-row\">\n\t\n<div id=\"column-69ea43537cdfa\" class=\"fw-col-xs-12\" style=\" \">\n        <div class=\"fw-col-inner\" >\n\t\t\n\t<div class=\"fw-divider-space\" style=\"padding-top: 20px;\"><\/div>\n\t<\/div>\n<\/div><\/div>\n\n<div class=\"fw-row\">\n\t\n<div id=\"column-69ea43537ceca\" class=\"fw-col-xs-12\" style=\" \">\n        <div class=\"fw-col-inner\" >\n\t\t<img decoding=\"async\" src=\"\/\/www.castelldevillavecchia.com\/wp-content\/uploads\/2019\/02\/lacapilla.jpg\" alt=\"\/\/www.castelldevillavecchia.com\/wp-content\/uploads\/2019\/02\/lacapilla.jpg\" \/>\t<\/div>\n<\/div><\/div>\n\n<div class=\"fw-row\">\n\t\n<div id=\"column-69ea43537d15f\" class=\"fw-col-xs-12\" style=\" \">\n        <div class=\"fw-col-inner\" >\n\t\t\n\t<div class=\"fw-divider-space\" style=\"padding-top: 20px;\"><\/div>\n\t<\/div>\n<\/div><\/div>\n\n<div class=\"fw-row\">\n\t\n<div id=\"column-69ea43537d286\" class=\"fw-col-xs-12\" style=\" \">\n        <div class=\"fw-col-inner\" >\n\t\t<p><em>Descarrega els pl\u00e0nols de La Capella en pdf <a href=\"http:\/\/www.castelldevillavecchia.com\/wp-content\/uploads\/2019\/02\/CVV-I-PB-CAPILLA.pdf\">aqu\u00ed<\/a>.<\/em><\/p>\t<\/div>\n<\/div><\/div>\n\n<div class=\"fw-row\">\n\t\n<div id=\"column-69ea43537d352\" class=\"fw-col-xs-12\" style=\" \">\n        <div class=\"fw-col-inner\" >\n\t\t\n\t<div class=\"fw-divider-space\" style=\"padding-top: 20px;\"><\/div>\n\t<\/div>\n<\/div><\/div>\n\n\t<\/div>\n<\/section>","protected":false},"excerpt":{"rendered":"<p>Si sois unos novios religiosos, la capilla consagrada del Castell de Villavecchia no os podr\u00e1 parecer m\u00e1s id\u00f3nea para una reservada ceremonia. Tiene 43,8m2 en total. Se conserva original desde 1894, fue decorada en su d\u00eda por el escultor Frederic Mar\u00e8s y est\u00e1 presidida por un Sagrado Coraz\u00f3n de bronce, [&hellip;]<\/p>","protected":false},"author":1,"featured_media":6119,"parent":0,"menu_order":0,"comment_status":"closed","ping_status":"closed","template":"","meta":{"footnotes":""},"class_list":["post-6154","page","type-page","status-publish","has-post-thumbnail","hentry"],"aioseo_notices":[],"_links":{"self":[{"href":"https:\/\/www.castelldevillavecchia.com\/ca\/wp-json\/wp\/v2\/pages\/6154","targetHints":{"allow":["GET"]}}],"collection":[{"href":"https:\/\/www.castelldevillavecchia.com\/ca\/wp-json\/wp\/v2\/pages"}],"about":[{"href":"https:\/\/www.castelldevillavecchia.com\/ca\/wp-json\/wp\/v2\/types\/page"}],"author":[{"embeddable":true,"href":"https:\/\/www.castelldevillavecchia.com\/ca\/wp-json\/wp\/v2\/users\/1"}],"replies":[{"embeddable":true,"href":"https:\/\/www.castelldevillavecchia.com\/ca\/wp-json\/wp\/v2\/comments?post=6154"}],"version-history":[{"count":26,"href":"https:\/\/www.castelldevillavecchia.com\/ca\/wp-json\/wp\/v2\/pages\/6154\/revisions"}],"predecessor-version":[{"id":7084,"href":"https:\/\/www.castelldevillavecchia.com\/ca\/wp-json\/wp\/v2\/pages\/6154\/revisions\/7084"}],"wp:featuredmedia":[{"embeddable":true,"href":"https:\/\/www.castelldevillavecchia.com\/ca\/wp-json\/wp\/v2\/media\/6119"}],"wp:attachment":[{"href":"https:\/\/www.castelldevillavecchia.com\/ca\/wp-json\/wp\/v2\/media?parent=6154"}],"curies":[{"name":"wp","href":"https:\/\/api.w.org\/{rel}","templated":true}]}}