{"id":5574,"date":"2018-12-03T15:44:41","date_gmt":"2018-12-03T15:44:41","guid":{"rendered":"http:\/\/demo.wpzoom.com\/inspiro\/?page_id=5574"},"modified":"2019-03-11T12:56:43","modified_gmt":"2019-03-11T12:56:43","slug":"espacios","status":"publish","type":"page","link":"https:\/\/www.castelldevillavecchia.com\/ca\/espacios\/","title":{"rendered":"Espais"},"content":{"rendered":"<p>\n\n\n<section id=\"section_id-15574\" class=\"fw-main-row fw-section-no-padding\" style=\" \" >\n\t<div class=\"fw-col-inner fw-container\" >\n\t\t<div class=\"fw-row\">\n\t\n<div id=\"column-69ea4304c758d\" class=\"fw-col-xs-12\" style=\" \">\n        <div class=\"fw-col-inner\" >\n\t\t\n\t<div class=\"fw-divider-space\" style=\"padding-top: 50px;\"><\/div>\n\t<\/div>\n<\/div><\/div>\n\n<div class=\"fw-row\">\n\t\n<div id=\"column-69ea4304c7717\" class=\"fw-col-xs-12 fw-col-sm-6\" style=\" \">\n        <div class=\"fw-col-inner\" >\n\t\t<p>Al Castell de Villavecchia disposem de diferents\nespais, tant d'interior com d'exterior, on podr\u00e0s celebrar el teu casament.\u00a0Des de la cerim\u00f2nia -ja sigui religiosa o civil-, passant per l'aperitiu, el banquet i finalment el ball.<\/p>\t<\/div>\n<\/div>\n<div id=\"column-69ea4304c7810\" class=\"fw-col-xs-12 fw-col-sm-6\" style=\" \">\n        <div class=\"fw-col-inner\" >\n\t\t<p>A m\u00e9s, en llogar l'espai durant el cap de setmana, si ho desitges, podr\u00e0s aprofitar per a fer aqu\u00ed tamb\u00e9 la preboda i\/o postboda.<br \/><em>Descarrega els pl\u00e0nols dels espais en pdf i autocad <a href=\"http:\/\/www.castelldevillavecchia.com\/wp-content\/uploads\/2019\/02\/Planos-Castillo-de-Villavecchia.zip\">aqu\u00ed<\/a>.<\/em><\/p>\t<\/div>\n<\/div><\/div>\n\n<div class=\"fw-row\">\n\t\n<div id=\"column-69ea4304c78e2\" class=\"fw-col-xs-12\" style=\" \">\n        <div class=\"fw-col-inner\" >\n\t\t\n\t<div class=\"fw-divider-space\" style=\"padding-top: 25px;\"><\/div>\n\t<\/div>\n<\/div><\/div>\n\n\t<\/div>\n<\/section>\n\n\n<section id=\"section_id-25574\" class=\"fw-main-row-custom fw-section-no-padding\" style=\" \" >\n\t<div class=\"fw-col-inner fw-container\" >\n\t\t<div class=\"fw-row\">\n\t\n<div id=\"column-69ea4304c7ae6\" class=\"fw-col-xs-12 fw-col-sm-4\" style=\" \">\n        <div class=\"fw-col-inner\" >\n\t\t\n<div class=\"fw-category-image\" style=\"background-image: url(\/\/www.castelldevillavecchia.com\/wp-content\/uploads\/2019\/02\/capilla-1.jpg);\">\n\n\n    <a href=\"http:\/\/www.castelldevillavecchia.com\/ca\/la-capilla\/\" target=\"_self\">\n    \t<div class=\"fw-category-inner\">\n    \t\t<div class=\"fw-category-name\">\n    \t\t\t<h3>La Capella<\/h3>\n    \t\t\t<span><\/span>\n    \t\t<\/div>\n    \t\t<div class=\"fw-category-text\">\n    \t\t\t<p><\/p>\n    \t\t<\/div>\n\n\n            \n\n    \t<\/div>\n\n    <\/a><\/div>\n\t<\/div>\n<\/div>\n<div id=\"column-69ea4304c7be7\" class=\"fw-col-xs-12 fw-col-sm-4\" style=\" \">\n        <div class=\"fw-col-inner\" >\n\t\t\n<div class=\"fw-category-image\" style=\"background-image: url(\/\/www.castelldevillavecchia.com\/wp-content\/uploads\/2019\/02\/hall.jpg);\">\n\n\n    <a href=\"http:\/\/www.castelldevillavecchia.com\/ca\/el-hall\/\" target=\"_self\">\n    \t<div class=\"fw-category-inner\">\n    \t\t<div class=\"fw-category-name\">\n    \t\t\t<h3>El Hall<\/h3>\n    \t\t\t<span><\/span>\n    \t\t<\/div>\n    \t\t<div class=\"fw-category-text\">\n    \t\t\t<p><\/p>\n    \t\t<\/div>\n\n\n            \n\n    \t<\/div>\n\n    <\/a><\/div>\n\t<\/div>\n<\/div>\n<div id=\"column-69ea4304c7c73\" class=\"fw-col-xs-12 fw-col-sm-4\" style=\" \">\n        <div class=\"fw-col-inner\" >\n\t\t\n<div class=\"fw-category-image\" style=\"background-image: url(\/\/www.castelldevillavecchia.com\/wp-content\/uploads\/2019\/02\/jardin-capilla.jpg);\">\n\n\n    <a href=\"http:\/\/www.castelldevillavecchia.com\/ca\/el-jardin-de-la-capilla\/\" target=\"_self\">\n    \t<div class=\"fw-category-inner\">\n    \t\t<div class=\"fw-category-name\">\n    \t\t\t<h3>El Jard\u00ed de la Capella<\/h3>\n    \t\t\t<span><\/span>\n    \t\t<\/div>\n    \t\t<div class=\"fw-category-text\">\n    \t\t\t<p><\/p>\n    \t\t<\/div>\n\n\n            \n\n    \t<\/div>\n\n    <\/a><\/div>\n\t<\/div>\n<\/div><\/div>\n\n<div class=\"fw-row\">\n\t\n<div id=\"column-69ea4304c7d59\" class=\"fw-col-xs-12\" style=\" \">\n        <div class=\"fw-col-inner\" >\n\t\t\n\t<div class=\"fw-divider-space\" style=\"padding-top: 25px;\"><\/div>\n\t<\/div>\n<\/div><\/div>\n\n<div class=\"fw-row\">\n\t\n<div id=\"column-69ea4304c7e28\" class=\"fw-col-xs-12 fw-col-sm-4\" style=\" \">\n        <div class=\"fw-col-inner\" >\n\t\t\n<div class=\"fw-category-image\" style=\"background-image: url(\/\/www.castelldevillavecchia.com\/wp-content\/uploads\/2019\/02\/jardin-mirador.jpg);\">\n\n\n    <a href=\"http:\/\/www.castelldevillavecchia.com\/ca\/el-jardin-del-mirador\/\" target=\"_self\">\n    \t<div class=\"fw-category-inner\">\n    \t\t<div class=\"fw-category-name\">\n    \t\t\t<h3>El Jard\u00ed del Mirador<\/h3>\n    \t\t\t<span><\/span>\n    \t\t<\/div>\n    \t\t<div class=\"fw-category-text\">\n    \t\t\t<p><\/p>\n    \t\t<\/div>\n\n\n            \n\n    \t<\/div>\n\n    <\/a><\/div>\n\t<\/div>\n<\/div>\n<div id=\"column-69ea4304c7eb0\" class=\"fw-col-xs-12 fw-col-sm-4\" style=\" \">\n        <div class=\"fw-col-inner\" >\n\t\t\n<div class=\"fw-category-image\" style=\"background-image: url(\/\/www.castelldevillavecchia.com\/wp-content\/uploads\/2019\/02\/jardin-de-la-torre.jpg);\">\n\n\n    <a href=\"http:\/\/www.castelldevillavecchia.com\/ca\/el-jardin-de-la-torre\/\" target=\"_self\">\n    \t<div class=\"fw-category-inner\">\n    \t\t<div class=\"fw-category-name\">\n    \t\t\t<h3>El Jard\u00ed de la Torre<\/h3>\n    \t\t\t<span><\/span>\n    \t\t<\/div>\n    \t\t<div class=\"fw-category-text\">\n    \t\t\t<p><\/p>\n    \t\t<\/div>\n\n\n            \n\n    \t<\/div>\n\n    <\/a><\/div>\n\t<\/div>\n<\/div>\n<div id=\"column-69ea4304c7f33\" class=\"fw-col-xs-12 fw-col-sm-4\" style=\" \">\n        <div class=\"fw-col-inner\" >\n\t\t\n<div class=\"fw-category-image\" style=\"background-image: url(\/\/www.castelldevillavecchia.com\/wp-content\/uploads\/2019\/02\/el-bosque.jpg);\">\n\n\n    <a href=\"http:\/\/www.castelldevillavecchia.com\/ca\/el-bosque\/\" target=\"_self\">\n    \t<div class=\"fw-category-inner\">\n    \t\t<div class=\"fw-category-name\">\n    \t\t\t<h3>El Bosc<\/h3>\n    \t\t\t<span><\/span>\n    \t\t<\/div>\n    \t\t<div class=\"fw-category-text\">\n    \t\t\t<p><\/p>\n    \t\t<\/div>\n\n\n            \n\n    \t<\/div>\n\n    <\/a><\/div>\n\t<\/div>\n<\/div><\/div>\n\n<div class=\"fw-row\">\n\t\n<div id=\"column-69ea4304c8028\" class=\"fw-col-xs-12\" style=\" \">\n        <div class=\"fw-col-inner\" >\n\t\t\n\t<div class=\"fw-divider-space\" style=\"padding-top: 25px;\"><\/div>\n\t<\/div>\n<\/div><\/div>\n\n<div class=\"fw-row\">\n\t\n<div id=\"column-69ea4304c8136\" class=\"fw-col-xs-12 fw-col-sm-4\" style=\" \">\n        <div class=\"fw-col-inner\" >\n\t\t\n<div class=\"fw-category-image\" style=\"background-image: url(\/\/www.castelldevillavecchia.com\/wp-content\/uploads\/2019\/02\/camino-del-bosque.jpg);\">\n\n\n    <a href=\"http:\/\/www.castelldevillavecchia.com\/ca\/el-camino-del-bosque\/\" target=\"_self\">\n    \t<div class=\"fw-category-inner\">\n    \t\t<div class=\"fw-category-name\">\n    \t\t\t<h3>El Cam\u00ed del Bosc<\/h3>\n    \t\t\t<span><\/span>\n    \t\t<\/div>\n    \t\t<div class=\"fw-category-text\">\n    \t\t\t<p><\/p>\n    \t\t<\/div>\n\n\n            \n\n    \t<\/div>\n\n    <\/a><\/div>\n\t<\/div>\n<\/div>\n<div id=\"column-69ea4304c81c9\" class=\"fw-col-xs-12 fw-col-sm-4\" style=\" \">\n        <div class=\"fw-col-inner\" >\n\t\t\n<div class=\"fw-category-image\" style=\"background-image: url(\/\/www.castelldevillavecchia.com\/wp-content\/uploads\/2019\/02\/la-bodega.jpg);\">\n\n\n    <a href=\"http:\/\/www.castelldevillavecchia.com\/ca\/la-bodega\/\" target=\"_self\">\n    \t<div class=\"fw-category-inner\">\n    \t\t<div class=\"fw-category-name\">\n    \t\t\t<h3>El Celler<\/h3>\n    \t\t\t<span><\/span>\n    \t\t<\/div>\n    \t\t<div class=\"fw-category-text\">\n    \t\t\t<p><\/p>\n    \t\t<\/div>\n\n\n            \n\n    \t<\/div>\n\n    <\/a><\/div>\n\t<\/div>\n<\/div>\n<div id=\"column-69ea4304c824c\" class=\"fw-col-xs-12 fw-col-sm-4\" style=\" \">\n        <div class=\"fw-col-inner\" >\n\t\t\n<div class=\"fw-category-image\" style=\"background-image: url(\/\/www.castelldevillavecchia.com\/wp-content\/uploads\/2019\/02\/la-buhardilla.jpg);\">\n\n\n    <a href=\"http:\/\/www.castelldevillavecchia.com\/ca\/la-buhardilla\/\" target=\"_self\">\n    \t<div class=\"fw-category-inner\">\n    \t\t<div class=\"fw-category-name\">\n    \t\t\t<h3>Les Golfes<\/h3>\n    \t\t\t<span><\/span>\n    \t\t<\/div>\n    \t\t<div class=\"fw-category-text\">\n    \t\t\t<p><\/p>\n    \t\t<\/div>\n\n\n            \n\n    \t<\/div>\n\n    <\/a><\/div>\n\t<\/div>\n<\/div><\/div>\n\n\t<\/div>\n<\/section>\n\n\n<section id=\"section_id-35574\" class=\"fw-main-row fw-section-no-padding\" style=\" \" >\n\t<div class=\"fw-col-inner fw-container\" >\n\t\t<div class=\"fw-row\">\n\t\n<div id=\"column-69ea4304c83ce\" class=\"fw-col-xs-12\" style=\" \">\n        <div class=\"fw-col-inner\" >\n\t\t\n\t<div class=\"fw-divider-space\" style=\"padding-top: 25px;\"><\/div>\n\t<\/div>\n<\/div><\/div>\n\n\t<\/div>\n<\/section><\/p>","protected":false},"excerpt":{"rendered":"<p>En el Castell de Villavecchia disponemos de distintos espacios, tanto de interior como de exterior, donde podr\u00e1s celebrar tu boda. Desde la ceremonia -ya sea religiosa o civil-, pasando por el aperitivo, el banquete y finalmente el baile. Adem\u00e1s, al alquilarse el espacio durante el fin de semana, si lo [&hellip;]<\/p>","protected":false},"author":1,"featured_media":6131,"parent":0,"menu_order":0,"comment_status":"closed","ping_status":"closed","template":"page-templates\/full-width-builder.php","meta":{"footnotes":""},"class_list":["post-5574","page","type-page","status-publish","has-post-thumbnail","hentry"],"aioseo_notices":[],"_links":{"self":[{"href":"https:\/\/www.castelldevillavecchia.com\/ca\/wp-json\/wp\/v2\/pages\/5574","targetHints":{"allow":["GET"]}}],"collection":[{"href":"https:\/\/www.castelldevillavecchia.com\/ca\/wp-json\/wp\/v2\/pages"}],"about":[{"href":"https:\/\/www.castelldevillavecchia.com\/ca\/wp-json\/wp\/v2\/types\/page"}],"author":[{"embeddable":true,"href":"https:\/\/www.castelldevillavecchia.com\/ca\/wp-json\/wp\/v2\/users\/1"}],"replies":[{"embeddable":true,"href":"https:\/\/www.castelldevillavecchia.com\/ca\/wp-json\/wp\/v2\/comments?post=5574"}],"version-history":[{"count":41,"href":"https:\/\/www.castelldevillavecchia.com\/ca\/wp-json\/wp\/v2\/pages\/5574\/revisions"}],"predecessor-version":[{"id":7092,"href":"https:\/\/www.castelldevillavecchia.com\/ca\/wp-json\/wp\/v2\/pages\/5574\/revisions\/7092"}],"wp:featuredmedia":[{"embeddable":true,"href":"https:\/\/www.castelldevillavecchia.com\/ca\/wp-json\/wp\/v2\/media\/6131"}],"wp:attachment":[{"href":"https:\/\/www.castelldevillavecchia.com\/ca\/wp-json\/wp\/v2\/media?parent=5574"}],"curies":[{"name":"wp","href":"https:\/\/api.w.org\/{rel}","templated":true}]}}