{"id":4491,"date":"2018-12-08T16:33:06","date_gmt":"2018-12-08T16:33:06","guid":{"rendered":"http:\/\/wpzoom.com\/magnet\/demo\/?page_id=2"},"modified":"2019-03-08T09:55:04","modified_gmt":"2019-03-08T09:55:04","slug":"el-castillo","status":"publish","type":"page","link":"https:\/\/www.castelldevillavecchia.com\/ca\/el-castillo\/","title":{"rendered":"El Castell"},"content":{"rendered":"<section id=\"section_id-14491\" class=\"fw-main-row fw-section-no-padding\" style=\" \" >\n\t<div class=\"fw-col-inner fw-container\" >\n\t\t<div class=\"fw-row\">\n\t\n<div id=\"column-69ea4352f0c5a\" class=\"fw-col-xs-12 fw-col-sm-6\" style=\" \">\n        <div class=\"fw-col-inner\" >\n\t\t<p>Considerat B\u00e9 Cultural d'Inter\u00e8s Nacional, el Castell de Villavecchia va ser constru\u00eft l\u2019any 1894 i dissenyat per l'arquitecte catal\u00e0 Enric Sagnier i Villavecchia (1858-1931).\u00a0Tamb\u00e9 conegut com a Marqu\u00e8s de Sagnier, \u00e9s possiblement l'arquitecte amb major n\u00famero de construccions a la Ciutat Comtal, entre les quals destaquen la Duana del Port de Barcelona, la Caixa de Pensions a Via Laietana, la Casa Arn\u00fas (El Pinar) a Avinguda Tibidabo i el Temple Expiatori del Sagrat Cor al Tibidabo.\u00a0D'estil ecl\u00e8ctic, amb una certa tend\u00e8ncia classicista, va estar proper al Modernisme de moda a l'\u00e8poca, per\u00f2 interpretant-lo d'una manera s\u00f2bria i funcional.<\/p><p>Clarament veiem reflectit el seu estil arquitect\u00f2nic al Castell de Villavecchia, un edifici modernista, per\u00f2 de construcci\u00f3 afrancesada de tipus\u00a0chateau,\u00a0que el dota de gran personalitat. Est\u00e0 presidit per una imponent torre rodona, teulades de pissarra i una preciosa capella adossada, que va ser decorada per l'escultor Frederic Mar\u00e8s i est\u00e0 presidida per un Sagrat Cor de bronze, una petita versi\u00f3 de la que corona el Temple del Tibidabo, a Barcelona.<\/p>\t<\/div>\n<\/div>\n<div id=\"column-69ea4352f0d59\" class=\"fw-col-xs-12 fw-col-sm-6\" style=\" \">\n        <div class=\"fw-col-inner\" >\n\t\t<p>Els 1.500m2 d'aquest castell modernista del segle XIX estan envoltats d\u201911 hect\u00e0rees de natura, entre diversos jardins adjacents, tamb\u00e9 protegits, frondosos boscos i meravelloses vistes a la muntanya i al Montseny.<\/p><p>La zona \u00e9s coneguda per les seves fonts d'aigua pura i precioses rutes per a senderisme, bicicleta BTT i recollida de bolets.\u00a0El castell \u00e9s ideal, no nom\u00e9s per casar-se en un lloc de somni, si no per aconseguir evadir-se del m\u00f3n durant un cap de setmana envoltat de pau i natura.<\/p><p>Actualment el castell \u00e9s una finca privada. Les obres de renovaci\u00f3 i restauraci\u00f3 van comen\u00e7ar el 2014 i van finalitzar en 2018. L\u2019any 2019, el castell obre les seves portes com un indret per a casaments i esdeveniments exclusius.<\/p><p>Benvinguts!<\/p>\t<\/div>\n<\/div><\/div>\n\n<div class=\"fw-row\">\n\t\n<div id=\"column-69ea4352f0e68\" class=\"fw-col-xs-12\" style=\" \">\n        <div class=\"fw-col-inner\" >\n\t\t\n\t<div class=\"fw-divider-space\" style=\"padding-top: 25px;\"><\/div>\n\t<\/div>\n<\/div><\/div>\n\n<div class=\"fw-row\">\n\t\n<div id=\"column-69ea4352f1002\" class=\"fw-col-xs-12\" style=\" \">\n        <div class=\"fw-col-inner\" >\n\t\t<img decoding=\"async\" src=\"\/\/www.castelldevillavecchia.com\/wp-content\/uploads\/2019\/02\/Castillo-1.png\" alt=\"\/\/www.castelldevillavecchia.com\/wp-content\/uploads\/2019\/02\/Castillo-1.png\" \/>\t<\/div>\n<\/div><\/div>\n\n<div class=\"fw-row\">\n\t\n<div id=\"column-69ea4352f1382\" class=\"fw-col-xs-12\" style=\" \">\n        <div class=\"fw-col-inner\" >\n\t\t<img decoding=\"async\" src=\"\/\/www.castelldevillavecchia.com\/wp-content\/uploads\/2019\/02\/Castillo-2.png\" alt=\"\/\/www.castelldevillavecchia.com\/wp-content\/uploads\/2019\/02\/Castillo-2.png\" \/>\t<\/div>\n<\/div><\/div>\n\n<div class=\"fw-row\">\n\t\n<div id=\"column-69ea4352f16eb\" class=\"fw-col-xs-12\" style=\" \">\n        <div class=\"fw-col-inner\" >\n\t\t<img decoding=\"async\" src=\"\/\/www.castelldevillavecchia.com\/wp-content\/uploads\/2019\/02\/Castillo-3.png\" alt=\"\/\/www.castelldevillavecchia.com\/wp-content\/uploads\/2019\/02\/Castillo-3.png\" \/>\t<\/div>\n<\/div><\/div>\n\n<div class=\"fw-row\">\n\t\n<div id=\"column-69ea4352f1975\" class=\"fw-col-xs-12\" style=\" \">\n        <div class=\"fw-col-inner\" >\n\t\t<img decoding=\"async\" src=\"\/\/www.castelldevillavecchia.com\/wp-content\/uploads\/2019\/02\/Castillo-4.png\" alt=\"\/\/www.castelldevillavecchia.com\/wp-content\/uploads\/2019\/02\/Castillo-4.png\" \/>\t<\/div>\n<\/div><\/div>\n\n<div class=\"fw-row\">\n\t\n<div id=\"column-69ea4352f1beb\" class=\"fw-col-xs-12\" style=\" \">\n        <div class=\"fw-col-inner\" >\n\t\t<img decoding=\"async\" src=\"\/\/www.castelldevillavecchia.com\/wp-content\/uploads\/2019\/02\/Castillo-5.png\" alt=\"\/\/www.castelldevillavecchia.com\/wp-content\/uploads\/2019\/02\/Castillo-5.png\" \/>\t<\/div>\n<\/div><\/div>\n\n<div class=\"fw-row\">\n\t\n<div id=\"column-69ea4352f1e69\" class=\"fw-col-xs-12\" style=\" \">\n        <div class=\"fw-col-inner\" >\n\t\t<img decoding=\"async\" src=\"\/\/www.castelldevillavecchia.com\/wp-content\/uploads\/2019\/02\/Castillo-6.png\" alt=\"\/\/www.castelldevillavecchia.com\/wp-content\/uploads\/2019\/02\/Castillo-6.png\" \/>\t<\/div>\n<\/div><\/div>\n\n<div class=\"fw-row\">\n\t\n<div id=\"column-69ea4352f20bd\" class=\"fw-col-xs-12\" style=\" \">\n        <div class=\"fw-col-inner\" >\n\t\t<img decoding=\"async\" src=\"\/\/www.castelldevillavecchia.com\/wp-content\/uploads\/2019\/02\/Castillo-7.png\" alt=\"\/\/www.castelldevillavecchia.com\/wp-content\/uploads\/2019\/02\/Castillo-7.png\" \/>\t<\/div>\n<\/div><\/div>\n\n<div class=\"fw-row\">\n\t\n<div id=\"column-69ea4352f2386\" class=\"fw-col-xs-12\" style=\" \">\n        <div class=\"fw-col-inner\" >\n\t\t<img decoding=\"async\" src=\"\/\/www.castelldevillavecchia.com\/wp-content\/uploads\/2019\/02\/Castillo-8.png\" alt=\"\/\/www.castelldevillavecchia.com\/wp-content\/uploads\/2019\/02\/Castillo-8.png\" \/>\t<\/div>\n<\/div><\/div>\n\n<div class=\"fw-row\">\n\t\n<div id=\"column-69ea4352f2697\" class=\"fw-col-xs-12\" style=\" \">\n        <div class=\"fw-col-inner\" >\n\t\t<img decoding=\"async\" src=\"\/\/www.castelldevillavecchia.com\/wp-content\/uploads\/2019\/02\/Castillo-9.png\" alt=\"\/\/www.castelldevillavecchia.com\/wp-content\/uploads\/2019\/02\/Castillo-9.png\" \/>\t<\/div>\n<\/div><\/div>\n\n\t<\/div>\n<\/section>","protected":false},"excerpt":{"rendered":"<p>Declarado Bien Cultural de Inter\u00e9s Nacional, el Castell de Villavecchia fue construido en 1894 y dise\u00f1ado por el arquitecto catal\u00e1n Enric Sagnier i Villavecchia (1858-1931). Tambi\u00e9n conocido como Marqu\u00e9s de Sagnier, es posiblemente el arquitecto con mayor n\u00famero de construcciones en la Ciudad Condal, entre las que destacan la Aduana [&hellip;]<\/p>","protected":false},"author":1,"featured_media":6097,"parent":0,"menu_order":0,"comment_status":"closed","ping_status":"closed","template":"","meta":{"footnotes":""},"class_list":["post-4491","page","type-page","status-publish","has-post-thumbnail","hentry"],"aioseo_notices":[],"_links":{"self":[{"href":"https:\/\/www.castelldevillavecchia.com\/ca\/wp-json\/wp\/v2\/pages\/4491","targetHints":{"allow":["GET"]}}],"collection":[{"href":"https:\/\/www.castelldevillavecchia.com\/ca\/wp-json\/wp\/v2\/pages"}],"about":[{"href":"https:\/\/www.castelldevillavecchia.com\/ca\/wp-json\/wp\/v2\/types\/page"}],"author":[{"embeddable":true,"href":"https:\/\/www.castelldevillavecchia.com\/ca\/wp-json\/wp\/v2\/users\/1"}],"replies":[{"embeddable":true,"href":"https:\/\/www.castelldevillavecchia.com\/ca\/wp-json\/wp\/v2\/comments?post=4491"}],"version-history":[{"count":22,"href":"https:\/\/www.castelldevillavecchia.com\/ca\/wp-json\/wp\/v2\/pages\/4491\/revisions"}],"predecessor-version":[{"id":7050,"href":"https:\/\/www.castelldevillavecchia.com\/ca\/wp-json\/wp\/v2\/pages\/4491\/revisions\/7050"}],"wp:featuredmedia":[{"embeddable":true,"href":"https:\/\/www.castelldevillavecchia.com\/ca\/wp-json\/wp\/v2\/media\/6097"}],"wp:attachment":[{"href":"https:\/\/www.castelldevillavecchia.com\/ca\/wp-json\/wp\/v2\/media?parent=4491"}],"curies":[{"name":"wp","href":"https:\/\/api.w.org\/{rel}","templated":true}]}}