{"id":4491,"date":"2018-12-08T16:33:06","date_gmt":"2018-12-08T16:33:06","guid":{"rendered":"http:\/\/wpzoom.com\/magnet\/demo\/?page_id=2"},"modified":"2019-03-08T09:55:04","modified_gmt":"2019-03-08T09:55:04","slug":"el-castillo","status":"publish","type":"page","link":"http:\/\/www.castelldevillavecchia.com\/en\/el-castillo\/","title":{"rendered":"The Castle"},"content":{"rendered":"<section id=\"section_id-14491\" class=\"fw-main-row fw-section-no-padding\" style=\" \" >\n\t<div class=\"fw-col-inner fw-container\" >\n\t\t<div class=\"fw-row\">\n\t\n<div id=\"column-69dea691d3b19\" class=\"fw-col-xs-12 fw-col-sm-6\" style=\" \">\n        <div class=\"fw-col-inner\" >\n\t\t<p>Declared a Cultural Monument of National Interest, the Castell de Villavecchia was built in 1894 and designed by the Catalan architect Enric Sagnier i Villavecchia (1858-1931).\u00a0Also known as the Marquise of Sagnier, he is possibly the architect with the highest number of\u00a0constructions in Barcelona, \u200b\u200bamong which the Customs of the Port of Barcelona, \u200b\u200bthe Pension Fund in Via Laietana, the Casa Arn\u00fas (El Pinar) in Avinguda Tibidabo, and the Expiatory Temple of the Sacred Heart in Tibidabo.\u00a0Sagnier\u2019s architectural works are of eclectic style, with a certain classicist tendency. They were close to the ground-breaking Modernism at the time, but interpreting it in a sober and functional way.<\/p><p>Castell de Villavecchia reflects an architectural style typically present in modernist buildings, but with the peculiarities of the French-style construction\u00a0chateau,\u00a0which shapes it exquisite personality. It is composed by an imposing round tower, slate roofs and a beautiful attached chapel, which was decorated by the sculptor Frederic Mar\u00e8s and is presided over by a Sacred Heart of bronze, a small version of which crowns the Temple of Tibidabo, in Barcelona.<\/p>\t<\/div>\n<\/div>\n<div id=\"column-69dea691d3c3b\" class=\"fw-col-xs-12 fw-col-sm-6\" style=\" \">\n        <div class=\"fw-col-inner\" >\n\t\t<p>The 1,500m2, nineteenth-century modernist castle is surrounded by 11 hectares of nature, between various adjacent gardens, also protected, lush forests and wonderful views of the mountains and the Montseny.<\/p><p>The area is known for its pure water sources and beautiful hiking trails, mountain biking and mushroom picking.\u00a0The castle is ideal not only to marry in a dream place, but also to escape from the world during a weekend surrounded by peace and nature.<\/p><p>At the moment the castle is a private estate, whose works of\nrenovation and restoration began in 2014 and finalized in 2018. In 2019, the castle opens its doors as a location for weddings and exclusive events.<\/p><p>Welcome!<\/p>\t<\/div>\n<\/div><\/div>\n\n<div class=\"fw-row\">\n\t\n<div id=\"column-69dea691d3d4b\" class=\"fw-col-xs-12\" style=\" \">\n        <div class=\"fw-col-inner\" >\n\t\t\n\t<div class=\"fw-divider-space\" style=\"padding-top: 25px;\"><\/div>\n\t<\/div>\n<\/div><\/div>\n\n<div class=\"fw-row\">\n\t\n<div id=\"column-69dea691d3ecc\" class=\"fw-col-xs-12\" style=\" \">\n        <div class=\"fw-col-inner\" >\n\t\t<img decoding=\"async\" src=\"\/\/www.castelldevillavecchia.com\/wp-content\/uploads\/2019\/02\/Castillo-1.png\" alt=\"\/\/www.castelldevillavecchia.com\/wp-content\/uploads\/2019\/02\/Castillo-1.png\" \/>\t<\/div>\n<\/div><\/div>\n\n<div class=\"fw-row\">\n\t\n<div id=\"column-69dea691d4216\" class=\"fw-col-xs-12\" style=\" \">\n        <div class=\"fw-col-inner\" >\n\t\t<img decoding=\"async\" src=\"\/\/www.castelldevillavecchia.com\/wp-content\/uploads\/2019\/02\/Castillo-2.png\" alt=\"\/\/www.castelldevillavecchia.com\/wp-content\/uploads\/2019\/02\/Castillo-2.png\" \/>\t<\/div>\n<\/div><\/div>\n\n<div class=\"fw-row\">\n\t\n<div id=\"column-69dea691d4488\" class=\"fw-col-xs-12\" style=\" \">\n        <div class=\"fw-col-inner\" >\n\t\t<img decoding=\"async\" src=\"\/\/www.castelldevillavecchia.com\/wp-content\/uploads\/2019\/02\/Castillo-3.png\" alt=\"\/\/www.castelldevillavecchia.com\/wp-content\/uploads\/2019\/02\/Castillo-3.png\" \/>\t<\/div>\n<\/div><\/div>\n\n<div class=\"fw-row\">\n\t\n<div id=\"column-69dea691d46d3\" class=\"fw-col-xs-12\" style=\" \">\n        <div class=\"fw-col-inner\" >\n\t\t<img decoding=\"async\" src=\"\/\/www.castelldevillavecchia.com\/wp-content\/uploads\/2019\/02\/Castillo-4.png\" alt=\"\/\/www.castelldevillavecchia.com\/wp-content\/uploads\/2019\/02\/Castillo-4.png\" \/>\t<\/div>\n<\/div><\/div>\n\n<div class=\"fw-row\">\n\t\n<div id=\"column-69dea691d4933\" class=\"fw-col-xs-12\" style=\" \">\n        <div class=\"fw-col-inner\" >\n\t\t<img decoding=\"async\" src=\"\/\/www.castelldevillavecchia.com\/wp-content\/uploads\/2019\/02\/Castillo-5.png\" alt=\"\/\/www.castelldevillavecchia.com\/wp-content\/uploads\/2019\/02\/Castillo-5.png\" \/>\t<\/div>\n<\/div><\/div>\n\n<div class=\"fw-row\">\n\t\n<div id=\"column-69dea691d4bb6\" class=\"fw-col-xs-12\" style=\" \">\n        <div class=\"fw-col-inner\" >\n\t\t<img decoding=\"async\" src=\"\/\/www.castelldevillavecchia.com\/wp-content\/uploads\/2019\/02\/Castillo-6.png\" alt=\"\/\/www.castelldevillavecchia.com\/wp-content\/uploads\/2019\/02\/Castillo-6.png\" \/>\t<\/div>\n<\/div><\/div>\n\n<div class=\"fw-row\">\n\t\n<div id=\"column-69dea691d4e1e\" class=\"fw-col-xs-12\" style=\" \">\n        <div class=\"fw-col-inner\" >\n\t\t<img decoding=\"async\" src=\"\/\/www.castelldevillavecchia.com\/wp-content\/uploads\/2019\/02\/Castillo-7.png\" alt=\"\/\/www.castelldevillavecchia.com\/wp-content\/uploads\/2019\/02\/Castillo-7.png\" \/>\t<\/div>\n<\/div><\/div>\n\n<div class=\"fw-row\">\n\t\n<div id=\"column-69dea691d508c\" class=\"fw-col-xs-12\" style=\" \">\n        <div class=\"fw-col-inner\" >\n\t\t<img decoding=\"async\" src=\"\/\/www.castelldevillavecchia.com\/wp-content\/uploads\/2019\/02\/Castillo-8.png\" alt=\"\/\/www.castelldevillavecchia.com\/wp-content\/uploads\/2019\/02\/Castillo-8.png\" \/>\t<\/div>\n<\/div><\/div>\n\n<div class=\"fw-row\">\n\t\n<div id=\"column-69dea691d5331\" class=\"fw-col-xs-12\" style=\" \">\n        <div class=\"fw-col-inner\" >\n\t\t<img decoding=\"async\" src=\"\/\/www.castelldevillavecchia.com\/wp-content\/uploads\/2019\/02\/Castillo-9.png\" alt=\"\/\/www.castelldevillavecchia.com\/wp-content\/uploads\/2019\/02\/Castillo-9.png\" \/>\t<\/div>\n<\/div><\/div>\n\n\t<\/div>\n<\/section>","protected":false},"excerpt":{"rendered":"<p>Declarado Bien Cultural de Inter\u00e9s Nacional, el Castell de Villavecchia fue construido en 1894 y dise\u00f1ado por el arquitecto catal\u00e1n Enric Sagnier i Villavecchia (1858-1931). Tambi\u00e9n conocido como Marqu\u00e9s de Sagnier, es posiblemente el arquitecto con mayor n\u00famero de construcciones en la Ciudad Condal, entre las que destacan la Aduana [&hellip;]<\/p>","protected":false},"author":1,"featured_media":6097,"parent":0,"menu_order":0,"comment_status":"closed","ping_status":"closed","template":"","meta":{"footnotes":""},"class_list":["post-4491","page","type-page","status-publish","has-post-thumbnail","hentry"],"aioseo_notices":[],"_links":{"self":[{"href":"http:\/\/www.castelldevillavecchia.com\/en\/wp-json\/wp\/v2\/pages\/4491","targetHints":{"allow":["GET"]}}],"collection":[{"href":"http:\/\/www.castelldevillavecchia.com\/en\/wp-json\/wp\/v2\/pages"}],"about":[{"href":"http:\/\/www.castelldevillavecchia.com\/en\/wp-json\/wp\/v2\/types\/page"}],"author":[{"embeddable":true,"href":"http:\/\/www.castelldevillavecchia.com\/en\/wp-json\/wp\/v2\/users\/1"}],"replies":[{"embeddable":true,"href":"http:\/\/www.castelldevillavecchia.com\/en\/wp-json\/wp\/v2\/comments?post=4491"}],"version-history":[{"count":22,"href":"http:\/\/www.castelldevillavecchia.com\/en\/wp-json\/wp\/v2\/pages\/4491\/revisions"}],"predecessor-version":[{"id":7050,"href":"http:\/\/www.castelldevillavecchia.com\/en\/wp-json\/wp\/v2\/pages\/4491\/revisions\/7050"}],"wp:featuredmedia":[{"embeddable":true,"href":"http:\/\/www.castelldevillavecchia.com\/en\/wp-json\/wp\/v2\/media\/6097"}],"wp:attachment":[{"href":"http:\/\/www.castelldevillavecchia.com\/en\/wp-json\/wp\/v2\/media?parent=4491"}],"curies":[{"name":"wp","href":"https:\/\/api.w.org\/{rel}","templated":true}]}}